{"id":1495,"date":"2024-04-06T14:28:03","date_gmt":"2024-04-06T12:28:03","guid":{"rendered":"https:\/\/minacore.ch\/prodotto\/short-pour-garcon\/"},"modified":"2024-04-10T09:30:23","modified_gmt":"2024-04-10T07:30:23","slug":"short-pour-garcon","status":"publish","type":"product","link":"https:\/\/minacore.ch\/fr\/prodotto\/short-pour-garcon\/","title":{"rendered":"Short EcoBimbo"},"content":{"rendered":"","protected":false},"excerpt":{"rendered":"<p>Pour un look doux et frais ! Confectionn\u00e9 avec soin, il est dot\u00e9 d&rsquo;un cordon de serrage ajustable \u00e0 la taille. Id\u00e9al pour les journ\u00e9es d&rsquo;\u00e9t\u00e9 sp\u00e9ciales ou pour un style chic et d\u00e9contract\u00e9. Style raffin\u00e9 et confort en un seul v\u00eatement.<\/p>\n","protected":false},"featured_media":1483,"template":"","meta":{"_seopress_robots_primary_cat":"","_seopress_titles_title":"","_seopress_titles_desc":"","_seopress_robots_index":""},"product_brand":[],"product_cat":[268],"product_tag":[],"class_list":{"0":"post-1495","1":"product","2":"type-product","3":"status-publish","4":"has-post-thumbnail","6":"product_cat-enfant","8":"first","9":"instock","10":"shipping-taxable","11":"purchasable","12":"product-type-simple"},"jetpack_sharing_enabled":true,"_links":{"self":[{"href":"https:\/\/minacore.ch\/fr\/wp-json\/wp\/v2\/product\/1495","targetHints":{"allow":["GET"]}}],"collection":[{"href":"https:\/\/minacore.ch\/fr\/wp-json\/wp\/v2\/product"}],"about":[{"href":"https:\/\/minacore.ch\/fr\/wp-json\/wp\/v2\/types\/product"}],"wp:featuredmedia":[{"embeddable":true,"href":"https:\/\/minacore.ch\/fr\/wp-json\/wp\/v2\/media\/1483"}],"wp:attachment":[{"href":"https:\/\/minacore.ch\/fr\/wp-json\/wp\/v2\/media?parent=1495"}],"wp:term":[{"taxonomy":"product_brand","embeddable":true,"href":"https:\/\/minacore.ch\/fr\/wp-json\/wp\/v2\/product_brand?post=1495"},{"taxonomy":"product_cat","embeddable":true,"href":"https:\/\/minacore.ch\/fr\/wp-json\/wp\/v2\/product_cat?post=1495"},{"taxonomy":"product_tag","embeddable":true,"href":"https:\/\/minacore.ch\/fr\/wp-json\/wp\/v2\/product_tag?post=1495"}],"curies":[{"name":"wp","href":"https:\/\/api.w.org\/{rel}","templated":true}]}}