{"id":1475,"date":"2024-04-06T14:25:28","date_gmt":"2024-04-06T12:25:28","guid":{"rendered":"https:\/\/minacore.ch\/prodotto\/salopette-bebe\/"},"modified":"2024-04-10T09:29:59","modified_gmt":"2024-04-10T07:29:59","slug":"salopette-bebe","status":"publish","type":"product","link":"https:\/\/minacore.ch\/fr\/prodotto\/salopette-bebe\/","title":{"rendered":"Salopette EcoBimbo"},"content":{"rendered":"","protected":false},"excerpt":{"rendered":"<p>Salopette b\u00e9b\u00e9 (3-6 mois) Coton et gazon vert clair<\/p>\n<p>Pour les petits explorateurs de l&rsquo;\u00e9t\u00e9 ! Salopette sans manches en coton doux. Design cool avec des bretelles r\u00e9glables. Id\u00e9al pour les jeux de plein air et les promenades en famille. Un style polyvalent et pratique pour un look estival chic.<\/p>\n","protected":false},"featured_media":1467,"template":"","meta":{"_seopress_robots_primary_cat":"","_seopress_titles_title":"","_seopress_titles_desc":"","_seopress_robots_index":""},"product_brand":[],"product_cat":[268],"product_tag":[],"class_list":{"0":"post-1475","1":"product","2":"type-product","3":"status-publish","4":"has-post-thumbnail","6":"product_cat-enfant","8":"first","9":"outofstock","10":"shipping-taxable","11":"purchasable","12":"product-type-simple"},"jetpack_sharing_enabled":true,"_links":{"self":[{"href":"https:\/\/minacore.ch\/fr\/wp-json\/wp\/v2\/product\/1475","targetHints":{"allow":["GET"]}}],"collection":[{"href":"https:\/\/minacore.ch\/fr\/wp-json\/wp\/v2\/product"}],"about":[{"href":"https:\/\/minacore.ch\/fr\/wp-json\/wp\/v2\/types\/product"}],"wp:featuredmedia":[{"embeddable":true,"href":"https:\/\/minacore.ch\/fr\/wp-json\/wp\/v2\/media\/1467"}],"wp:attachment":[{"href":"https:\/\/minacore.ch\/fr\/wp-json\/wp\/v2\/media?parent=1475"}],"wp:term":[{"taxonomy":"product_brand","embeddable":true,"href":"https:\/\/minacore.ch\/fr\/wp-json\/wp\/v2\/product_brand?post=1475"},{"taxonomy":"product_cat","embeddable":true,"href":"https:\/\/minacore.ch\/fr\/wp-json\/wp\/v2\/product_cat?post=1475"},{"taxonomy":"product_tag","embeddable":true,"href":"https:\/\/minacore.ch\/fr\/wp-json\/wp\/v2\/product_tag?post=1475"}],"curies":[{"name":"wp","href":"https:\/\/api.w.org\/{rel}","templated":true}]}}