{"id":1422,"date":"2024-03-26T12:21:12","date_gmt":"2024-03-26T11:21:12","guid":{"rendered":"https:\/\/minacore.ch\/prodotto\/set-elegance\/"},"modified":"2024-04-23T08:07:32","modified_gmt":"2024-04-23T06:07:32","slug":"set-elegance","status":"publish","type":"product","link":"https:\/\/minacore.ch\/fr\/prodotto\/set-elegance\/","title":{"rendered":"\u00c9l\u00e9gance"},"content":{"rendered":"","protected":false},"excerpt":{"rendered":"<p>L&rsquo;ensemble \u00ab\u00a0Elegance\u00a0\u00bb est l&rsquo;expression du raffinement et de la gr\u00e2ce. Les pierres pr\u00e9cieuses transparentes captent gracieusement la lumi\u00e8re, tandis que les feuilles d&rsquo;or ajoutent une touche d&rsquo;\u00e9l\u00e9gance et de beaut\u00e9 naturelle. Fabriqu\u00e9 \u00e0 la main avec amour et dans le souci du d\u00e9tail, cet ensemble d\u00e9gage une aura de majest\u00e9 d\u00e9licate, parfaite pour ceux qui recherchent une touche de luxe et de sophistication.<\/p>\n","protected":false},"featured_media":1410,"template":"","meta":{"_seopress_robots_primary_cat":"none","_seopress_titles_title":"Ensemble Elegance - Pierres pr\u00e9cieuses transparentes et feuilles d'or","_seopress_titles_desc":"Capturez l'\u00e9l\u00e9gance et la gr\u00e2ce avec le set \"Elegance\". Les pierres pr\u00e9cieuses transparentes brillent gracieusement, embrassant la lumi\u00e8re, tandis que les feuilles d'or ajoutent une touche de beaut\u00e9 naturelle. Fabriqu\u00e9 avec amour et dans le souci du d\u00e9tail, cet ensemble fait main d\u00e9gage une aura de majest\u00e9 d\u00e9licate. Pour une touche de luxe et de sophistication, choisissez \"Elegance\".","_seopress_robots_index":""},"product_brand":[],"product_cat":[265,346],"product_tag":[],"class_list":{"0":"post-1422","1":"product","2":"type-product","3":"status-publish","4":"has-post-thumbnail","6":"product_cat-bijoux","7":"product_cat-set-jeu-de-mots","9":"first","10":"instock","11":"shipping-taxable","12":"purchasable","13":"product-type-simple"},"jetpack_sharing_enabled":true,"_links":{"self":[{"href":"https:\/\/minacore.ch\/fr\/wp-json\/wp\/v2\/product\/1422","targetHints":{"allow":["GET"]}}],"collection":[{"href":"https:\/\/minacore.ch\/fr\/wp-json\/wp\/v2\/product"}],"about":[{"href":"https:\/\/minacore.ch\/fr\/wp-json\/wp\/v2\/types\/product"}],"wp:featuredmedia":[{"embeddable":true,"href":"https:\/\/minacore.ch\/fr\/wp-json\/wp\/v2\/media\/1410"}],"wp:attachment":[{"href":"https:\/\/minacore.ch\/fr\/wp-json\/wp\/v2\/media?parent=1422"}],"wp:term":[{"taxonomy":"product_brand","embeddable":true,"href":"https:\/\/minacore.ch\/fr\/wp-json\/wp\/v2\/product_brand?post=1422"},{"taxonomy":"product_cat","embeddable":true,"href":"https:\/\/minacore.ch\/fr\/wp-json\/wp\/v2\/product_cat?post=1422"},{"taxonomy":"product_tag","embeddable":true,"href":"https:\/\/minacore.ch\/fr\/wp-json\/wp\/v2\/product_tag?post=1422"}],"curies":[{"name":"wp","href":"https:\/\/api.w.org\/{rel}","templated":true}]}}