{"id":1372,"date":"2024-02-29T17:33:42","date_gmt":"2024-02-29T16:33:42","guid":{"rendered":"https:\/\/minacore.ch\/prodotto\/bord-de-mer-ondule\/"},"modified":"2024-04-23T16:29:17","modified_gmt":"2024-04-23T14:29:17","slug":"bord-de-mer-ondule","status":"publish","type":"product","link":"https:\/\/minacore.ch\/fr\/prodotto\/bord-de-mer-ondule\/","title":{"rendered":"Bord de mer ondul\u00e9"},"content":{"rendered":"","protected":false},"excerpt":{"rendered":"<p>Les boucles d&rsquo;oreilles \u00ab\u00a0Seashore Wavy\u00a0\u00bb sont une ode \u00e0 la beaut\u00e9 de l&rsquo;oc\u00e9an.<\/p>\n<p>Des \u00e9cailles argent\u00e9es incrust\u00e9es dans la r\u00e9sine ajoutent une touche de brillance, comme la lumi\u00e8re du soleil se refl\u00e9tant sur l&rsquo;eau. Porter ces boucles d&rsquo;oreilles, c&rsquo;est comme transporter un petit morceau de mer avec soi, en emportant la fra\u00eecheur et la s\u00e9r\u00e9nit\u00e9 de l&rsquo;oc\u00e9an o\u00f9 que l&rsquo;on aille.<\/p>\n","protected":false},"featured_media":1368,"template":"","meta":{"_seopress_robots_primary_cat":"none","_seopress_titles_title":"Boucles d'oreilles ondul\u00e9es au bord de la mer : Reflets de lumi\u00e8re et de s\u00e9r\u00e9nit\u00e9 dans l'oc\u00e9an","_seopress_titles_desc":"Explorez la s\u00e9r\u00e9nit\u00e9 de l'oc\u00e9an avec les boucles d'oreilles Seashore Wavy. Les \u00e9cailles argent\u00e9es incrust\u00e9es dans la r\u00e9sine capturent l'irisation du soleil sur l'eau, ajoutant une touche de brillance. Les porter, c'est emporter un fragment de mer avec soi, s'immerger dans la fra\u00eecheur et la tranquillit\u00e9 de l'oc\u00e9an o\u00f9 que l'on aille.","_seopress_robots_index":""},"product_brand":[],"product_cat":[265,343],"product_tag":[],"class_list":{"0":"post-1372","1":"product","2":"type-product","3":"status-publish","4":"has-post-thumbnail","6":"product_cat-bijoux","7":"product_cat-boucles-doreilles","9":"first","10":"outofstock","11":"shipping-taxable","12":"purchasable","13":"product-type-simple"},"jetpack_sharing_enabled":true,"_links":{"self":[{"href":"https:\/\/minacore.ch\/fr\/wp-json\/wp\/v2\/product\/1372","targetHints":{"allow":["GET"]}}],"collection":[{"href":"https:\/\/minacore.ch\/fr\/wp-json\/wp\/v2\/product"}],"about":[{"href":"https:\/\/minacore.ch\/fr\/wp-json\/wp\/v2\/types\/product"}],"wp:featuredmedia":[{"embeddable":true,"href":"https:\/\/minacore.ch\/fr\/wp-json\/wp\/v2\/media\/1368"}],"wp:attachment":[{"href":"https:\/\/minacore.ch\/fr\/wp-json\/wp\/v2\/media?parent=1372"}],"wp:term":[{"taxonomy":"product_brand","embeddable":true,"href":"https:\/\/minacore.ch\/fr\/wp-json\/wp\/v2\/product_brand?post=1372"},{"taxonomy":"product_cat","embeddable":true,"href":"https:\/\/minacore.ch\/fr\/wp-json\/wp\/v2\/product_cat?post=1372"},{"taxonomy":"product_tag","embeddable":true,"href":"https:\/\/minacore.ch\/fr\/wp-json\/wp\/v2\/product_tag?post=1372"}],"curies":[{"name":"wp","href":"https:\/\/api.w.org\/{rel}","templated":true}]}}