{"id":1348,"date":"2024-02-29T17:29:10","date_gmt":"2024-02-29T16:29:10","guid":{"rendered":"https:\/\/minacore.ch\/prodotto\/bord-de-mer-boucles-doreilles\/"},"modified":"2024-04-09T20:30:51","modified_gmt":"2024-04-09T18:30:51","slug":"bord-de-mer-boucles-doreilles","status":"publish","type":"product","link":"https:\/\/minacore.ch\/fr\/prodotto\/bord-de-mer-boucles-doreilles\/","title":{"rendered":"Bord de mer"},"content":{"rendered":"","protected":false},"excerpt":{"rendered":"<p>Les boucles d&rsquo;oreilles \u00ab\u00a0Seashore\u00a0\u00bb sont une ode \u00e0 la beaut\u00e9 de l&rsquo;oc\u00e9an. Avec leur forme octogonale et la d\u00e9licate couleur bleu clair de la r\u00e9sine, ils \u00e9voquent imm\u00e9diatement l&rsquo;image des vagues s&rsquo;\u00e9crasant sur le rivage.<\/p>\n<p>Des \u00e9cailles argent\u00e9es incrust\u00e9es dans la r\u00e9sine ajoutent une touche de brillance, comme la lumi\u00e8re du soleil se refl\u00e9tant sur l&rsquo;eau. Porter ces boucles d&rsquo;oreilles, c&rsquo;est comme transporter un petit morceau de mer avec soi, en emportant la fra\u00eecheur et la s\u00e9r\u00e9nit\u00e9 de l&rsquo;oc\u00e9an o\u00f9 que l&rsquo;on aille.<\/p>\n","protected":false},"featured_media":1340,"template":"","meta":{"_seopress_robots_primary_cat":"","_seopress_titles_title":"","_seopress_titles_desc":"","_seopress_robots_index":""},"product_brand":[],"product_cat":[265,343],"product_tag":[],"class_list":{"0":"post-1348","1":"product","2":"type-product","3":"status-publish","4":"has-post-thumbnail","6":"product_cat-bijoux","7":"product_cat-boucles-doreilles","9":"first","10":"outofstock","11":"shipping-taxable","12":"purchasable","13":"product-type-simple"},"jetpack_sharing_enabled":true,"_links":{"self":[{"href":"https:\/\/minacore.ch\/fr\/wp-json\/wp\/v2\/product\/1348","targetHints":{"allow":["GET"]}}],"collection":[{"href":"https:\/\/minacore.ch\/fr\/wp-json\/wp\/v2\/product"}],"about":[{"href":"https:\/\/minacore.ch\/fr\/wp-json\/wp\/v2\/types\/product"}],"wp:featuredmedia":[{"embeddable":true,"href":"https:\/\/minacore.ch\/fr\/wp-json\/wp\/v2\/media\/1340"}],"wp:attachment":[{"href":"https:\/\/minacore.ch\/fr\/wp-json\/wp\/v2\/media?parent=1348"}],"wp:term":[{"taxonomy":"product_brand","embeddable":true,"href":"https:\/\/minacore.ch\/fr\/wp-json\/wp\/v2\/product_brand?post=1348"},{"taxonomy":"product_cat","embeddable":true,"href":"https:\/\/minacore.ch\/fr\/wp-json\/wp\/v2\/product_cat?post=1348"},{"taxonomy":"product_tag","embeddable":true,"href":"https:\/\/minacore.ch\/fr\/wp-json\/wp\/v2\/product_tag?post=1348"}],"curies":[{"name":"wp","href":"https:\/\/api.w.org\/{rel}","templated":true}]}}