{"id":1336,"date":"2024-02-29T17:24:53","date_gmt":"2024-02-29T16:24:53","guid":{"rendered":"https:\/\/minacore.ch\/prodotto\/boucles-doreilles-fees\/"},"modified":"2024-04-23T08:38:44","modified_gmt":"2024-04-23T06:38:44","slug":"boucles-doreilles-fees","status":"publish","type":"product","link":"https:\/\/minacore.ch\/fr\/prodotto\/boucles-doreilles-fees\/","title":{"rendered":"F\u00e9erie"},"content":{"rendered":"<p>Les boucles d&rsquo;oreilles \u00ab\u00a0Faerie\u00a0\u00bb sont une fusion enchanteresse de l&rsquo;\u00e9l\u00e9gance et de la nature. Fabriqu\u00e9es en r\u00e9sine verte translucide, elles renferment de v\u00e9ritables fleurs jaunes, cr\u00e9ant ainsi une combinaison de magie et de beaut\u00e9.<\/p>\n<p>La forme en goutte d&rsquo;eau ajoute une touche de gr\u00e2ce, tandis que les fleurs transmettent une aura de d\u00e9licatesse et de myst\u00e8re, parfaite pour ajouter une touche de f\u00e9erie \u00e0 votre look.<\/p>\n","protected":false},"excerpt":{"rendered":"<p>Les boucles d&rsquo;oreilles \u00ab\u00a0Faerie\u00a0\u00bb sont une fusion enchanteresse de l&rsquo;\u00e9l\u00e9gance et de la nature. Fabriqu\u00e9es en r\u00e9sine verte translucide, elles renferment de v\u00e9ritables fleurs jaunes, cr\u00e9ant ainsi une combinaison de magie et de beaut\u00e9.<\/p>\n<p>La forme en goutte d&rsquo;eau ajoute une touche de gr\u00e2ce, tandis que les fleurs transmettent une aura de d\u00e9licatesse et de myst\u00e8re, parfaite pour ajouter une touche de f\u00e9erie \u00e0 votre look.<\/p>\n","protected":false},"featured_media":1328,"template":"","meta":{"_seopress_robots_primary_cat":"none","_seopress_titles_title":"Boucles d'oreilles F\u00e9e : Enchantement naturel avec des fleurs jaunes en r\u00e9sine verte translucide","_seopress_titles_desc":"Explorez le monde enchant\u00e9 avec les boucles d'oreilles Faerie. Fusion magique de l'\u00e9l\u00e9gance et de la nature, ces boucles d'oreilles en r\u00e9sine verte translucide sont orn\u00e9es de v\u00e9ritables fleurs jaunes, cr\u00e9ant un m\u00e9lange unique de magie et de beaut\u00e9. La forme en goutte d'eau conf\u00e8re de la gr\u00e2ce, tandis que les fleurs \u00e9voquent la d\u00e9licatesse et le myst\u00e8re, ajoutant une touche f\u00e9erique \u00e0 votre look.","_seopress_robots_index":""},"product_brand":[],"product_cat":[265,343],"product_tag":[],"class_list":{"0":"post-1336","1":"product","2":"type-product","3":"status-publish","4":"has-post-thumbnail","6":"product_cat-bijoux","7":"product_cat-boucles-doreilles","9":"first","10":"instock","11":"shipping-taxable","12":"purchasable","13":"product-type-simple"},"jetpack_sharing_enabled":true,"_links":{"self":[{"href":"https:\/\/minacore.ch\/fr\/wp-json\/wp\/v2\/product\/1336","targetHints":{"allow":["GET"]}}],"collection":[{"href":"https:\/\/minacore.ch\/fr\/wp-json\/wp\/v2\/product"}],"about":[{"href":"https:\/\/minacore.ch\/fr\/wp-json\/wp\/v2\/types\/product"}],"wp:featuredmedia":[{"embeddable":true,"href":"https:\/\/minacore.ch\/fr\/wp-json\/wp\/v2\/media\/1328"}],"wp:attachment":[{"href":"https:\/\/minacore.ch\/fr\/wp-json\/wp\/v2\/media?parent=1336"}],"wp:term":[{"taxonomy":"product_brand","embeddable":true,"href":"https:\/\/minacore.ch\/fr\/wp-json\/wp\/v2\/product_brand?post=1336"},{"taxonomy":"product_cat","embeddable":true,"href":"https:\/\/minacore.ch\/fr\/wp-json\/wp\/v2\/product_cat?post=1336"},{"taxonomy":"product_tag","embeddable":true,"href":"https:\/\/minacore.ch\/fr\/wp-json\/wp\/v2\/product_tag?post=1336"}],"curies":[{"name":"wp","href":"https:\/\/api.w.org\/{rel}","templated":true}]}}