{"id":987,"date":"2024-02-08T13:57:00","date_gmt":"2024-02-08T12:57:00","guid":{"rendered":"https:\/\/minacore.ch\/prodotto\/mokka-sonnenschein\/"},"modified":"2024-04-09T20:30:52","modified_gmt":"2024-04-09T18:30:52","slug":"mokka-sonnenschein","status":"publish","type":"product","link":"https:\/\/minacore.ch\/de\/prodotto\/mokka-sonnenschein\/","title":{"rendered":"Mokka-Sonnenschein"},"content":{"rendered":"","protected":false},"excerpt":{"rendered":"<p>Verbessern Sie Ihren Look mit dem Bralette &#8218;Mocha Sunshine&#8216;. Braun-, Beige- und Gelbt\u00f6ne ergeben einen sonnigen Mix. Das Dekollet\u00e9 ist mit einer markanten Verflechtung versehen, w\u00e4hrend der R\u00fcckenverschluss mit H\u00e4kelspitzen einen Hauch von Sinnlichkeit verleiht. Ein raffiniertes und originelles Kleidungsst\u00fcck f\u00fcr einen einzigartigen Stil.<\/p>\n","protected":false},"featured_media":412,"template":"","meta":{"_seopress_robots_primary_cat":"none","_seopress_titles_title":"Verbessern Sie Ihren Stil mit dem 'Mocha Sunshine' Bralette: Sonnige T\u00f6ne und sinnliche Details","_seopress_titles_desc":"Bringen Sie einen sonnigen Touch in Ihre Garderobe mit dem Bralette \"Mocha Sunshine\". Braun-, Beige- und Gelbt\u00f6ne werden zu einem lebendigen Mix vermischt. Mit seinem unverwechselbaren gewebten Ausschnitt und einem R\u00fcckenverschluss mit H\u00e4kelspitzen bietet dieses Kleidungsst\u00fcck eine unwiderstehliche Mischung aus Sinnlichkeit und Raffinesse. W\u00e4hlen Sie den Bralette 'Mocha Sunshine' f\u00fcr einen einzigartigen und originellen Look.","_seopress_robots_index":""},"product_brand":[],"product_cat":[103,297],"product_tag":[],"class_list":{"0":"post-987","1":"product","2":"type-product","3":"status-publish","4":"has-post-thumbnail","6":"product_cat-frau","7":"product_cat-top-de","9":"first","10":"instock","11":"shipping-taxable","12":"purchasable","13":"product-type-simple"},"jetpack_sharing_enabled":true,"_links":{"self":[{"href":"https:\/\/minacore.ch\/de\/wp-json\/wp\/v2\/product\/987","targetHints":{"allow":["GET"]}}],"collection":[{"href":"https:\/\/minacore.ch\/de\/wp-json\/wp\/v2\/product"}],"about":[{"href":"https:\/\/minacore.ch\/de\/wp-json\/wp\/v2\/types\/product"}],"wp:featuredmedia":[{"embeddable":true,"href":"https:\/\/minacore.ch\/de\/wp-json\/wp\/v2\/media\/412"}],"wp:attachment":[{"href":"https:\/\/minacore.ch\/de\/wp-json\/wp\/v2\/media?parent=987"}],"wp:term":[{"taxonomy":"product_brand","embeddable":true,"href":"https:\/\/minacore.ch\/de\/wp-json\/wp\/v2\/product_brand?post=987"},{"taxonomy":"product_cat","embeddable":true,"href":"https:\/\/minacore.ch\/de\/wp-json\/wp\/v2\/product_cat?post=987"},{"taxonomy":"product_tag","embeddable":true,"href":"https:\/\/minacore.ch\/de\/wp-json\/wp\/v2\/product_tag?post=987"}],"curies":[{"name":"wp","href":"https:\/\/api.w.org\/{rel}","templated":true}]}}