{"id":969,"date":"2024-02-08T13:32:04","date_gmt":"2024-02-08T12:32:04","guid":{"rendered":"https:\/\/minacore.ch\/prodotto\/sanfter-sonnenuntergang\/"},"modified":"2024-04-26T13:22:31","modified_gmt":"2024-04-26T11:22:31","slug":"sanfter-sonnenuntergang","status":"publish","type":"product","link":"https:\/\/minacore.ch\/de\/prodotto\/sanfter-sonnenuntergang\/","title":{"rendered":"Sanfter Sonnenuntergang"},"content":{"rendered":"","protected":false},"excerpt":{"rendered":"<p>Erleben Sie den Sommer mit unserem Sunset, einem \u00e4rmellosen Kleid in Orange- und Gelbt\u00f6nen. Er besteht aus 100 % recycelter Baumwolle aus Bettlaken und vereint Stil und Nachhaltigkeit. Dieses leichte und moderne Kleid ist die perfekte Wahl f\u00fcr alle, die Komfort und Originalit\u00e4t suchen und dabei die \u00d6kologie im Auge behalten wollen.<\/p>\n","protected":false},"featured_media":409,"template":"","meta":{"_seopress_robots_primary_cat":"none","_seopress_titles_title":"Sonnenuntergang: Nachhaltiges Sommerkleid in Orange- und Gelbt\u00f6nen","_seopress_titles_desc":"Erleben Sie den Sommer mit Stil und Nachhaltigkeit, indem Sie unser Sunset, ein \u00e4rmelloses Kleid in Orange- und Gelbt\u00f6nen, tragen. Hergestellt aus 100% recycelter Baumwolle aus Bettlaken, verbindet es Mode und Umweltbewusstsein. Er ist leicht, modern und komfortabel und damit die ideale Wahl f\u00fcr alle, die Originalit\u00e4t suchen, ohne dabei die Umwelt zu vernachl\u00e4ssigen.","_seopress_robots_index":""},"product_brand":[],"product_cat":[103,352],"product_tag":[],"class_list":{"0":"post-969","1":"product","2":"type-product","3":"status-publish","4":"has-post-thumbnail","6":"product_cat-frau","7":"product_cat-kleider","9":"first","10":"instock","11":"featured","12":"shipping-taxable","13":"purchasable","14":"product-type-simple"},"jetpack_sharing_enabled":true,"_links":{"self":[{"href":"https:\/\/minacore.ch\/de\/wp-json\/wp\/v2\/product\/969","targetHints":{"allow":["GET"]}}],"collection":[{"href":"https:\/\/minacore.ch\/de\/wp-json\/wp\/v2\/product"}],"about":[{"href":"https:\/\/minacore.ch\/de\/wp-json\/wp\/v2\/types\/product"}],"wp:featuredmedia":[{"embeddable":true,"href":"https:\/\/minacore.ch\/de\/wp-json\/wp\/v2\/media\/409"}],"wp:attachment":[{"href":"https:\/\/minacore.ch\/de\/wp-json\/wp\/v2\/media?parent=969"}],"wp:term":[{"taxonomy":"product_brand","embeddable":true,"href":"https:\/\/minacore.ch\/de\/wp-json\/wp\/v2\/product_brand?post=969"},{"taxonomy":"product_cat","embeddable":true,"href":"https:\/\/minacore.ch\/de\/wp-json\/wp\/v2\/product_cat?post=969"},{"taxonomy":"product_tag","embeddable":true,"href":"https:\/\/minacore.ch\/de\/wp-json\/wp\/v2\/product_tag?post=969"}],"curies":[{"name":"wp","href":"https:\/\/api.w.org\/{rel}","templated":true}]}}