{"id":964,"date":"2024-02-08T13:40:54","date_gmt":"2024-02-08T12:40:54","guid":{"rendered":"https:\/\/minacore.ch\/prodotto\/bustier-nacht-orange\/"},"modified":"2024-04-09T20:31:16","modified_gmt":"2024-04-09T18:31:16","slug":"bustier-nacht-orange","status":"publish","type":"product","link":"https:\/\/minacore.ch\/de\/prodotto\/bustier-nacht-orange\/","title":{"rendered":"Bustier Nacht Orange"},"content":{"rendered":"","protected":false},"excerpt":{"rendered":"<p>Erh\u00f6hen Sie Ihren Auftritt mit dem Night Orange Bustier. Das dunkle Grau mischt sich mit den orangefarbenen Streifen und bildet einen raffinierten Kontrast. Die taillierte Silhouette verzaubert, w\u00e4hrend der tiefe Schlitz aus hautfarbenem T\u00fcll f\u00fcr einen sinnlichen Touch sorgt. Dieses Bustier ist perfekt f\u00fcr unvergessliche Abende und verbindet k\u00fchne Eleganz mit zeitloser Raffinesse.<\/p>\n","protected":false},"featured_media":418,"template":"","meta":{"_seopress_robots_primary_cat":"none","_seopress_titles_title":"Night Orange Bustiers: K\u00fchne Eleganz f\u00fcr unvergessliche Abende","_seopress_titles_desc":"F\u00fcgen Sie Ihrer Kollektion mit dem Night Orange Bustier einen Hauch von K\u00fchnheit hinzu. Der raffinierte Kontrast aus dunkelgrauen und orangefarbenen Streifen zieht die Blicke auf sich, w\u00e4hrend die eng anliegende Silhouette und der fleischfarbene T\u00fcll-Fallschlitz f\u00fcr einen sinnlichen Touch sorgen. Ideal f\u00fcr unvergessliche Abende, verk\u00f6rpert dieses Bustier k\u00fchne Eleganz und zeitlose Raffinesse. Erfahren Sie jetzt mehr!","_seopress_robots_index":""},"product_brand":[],"product_cat":[103,297],"product_tag":[],"class_list":{"0":"post-964","1":"product","2":"type-product","3":"status-publish","4":"has-post-thumbnail","6":"product_cat-frau","7":"product_cat-top-de","9":"first","10":"outofstock","11":"shipping-taxable","12":"purchasable","13":"product-type-simple"},"jetpack_sharing_enabled":true,"_links":{"self":[{"href":"https:\/\/minacore.ch\/de\/wp-json\/wp\/v2\/product\/964","targetHints":{"allow":["GET"]}}],"collection":[{"href":"https:\/\/minacore.ch\/de\/wp-json\/wp\/v2\/product"}],"about":[{"href":"https:\/\/minacore.ch\/de\/wp-json\/wp\/v2\/types\/product"}],"wp:featuredmedia":[{"embeddable":true,"href":"https:\/\/minacore.ch\/de\/wp-json\/wp\/v2\/media\/418"}],"wp:attachment":[{"href":"https:\/\/minacore.ch\/de\/wp-json\/wp\/v2\/media?parent=964"}],"wp:term":[{"taxonomy":"product_brand","embeddable":true,"href":"https:\/\/minacore.ch\/de\/wp-json\/wp\/v2\/product_brand?post=964"},{"taxonomy":"product_cat","embeddable":true,"href":"https:\/\/minacore.ch\/de\/wp-json\/wp\/v2\/product_cat?post=964"},{"taxonomy":"product_tag","embeddable":true,"href":"https:\/\/minacore.ch\/de\/wp-json\/wp\/v2\/product_tag?post=964"}],"curies":[{"name":"wp","href":"https:\/\/api.w.org\/{rel}","templated":true}]}}