{"id":962,"date":"2024-02-08T13:45:59","date_gmt":"2024-02-08T12:45:59","guid":{"rendered":"https:\/\/minacore.ch\/prodotto\/charme-brokat\/"},"modified":"2024-04-23T11:56:58","modified_gmt":"2024-04-23T09:56:58","slug":"charme-brokat","status":"publish","type":"product","link":"https:\/\/minacore.ch\/de\/prodotto\/charme-brokat\/","title":{"rendered":"Charme Brokat-Rock"},"content":{"rendered":"","protected":false},"excerpt":{"rendered":"<p>Zeigen Sie Ihre Eleganz mit dem Charme Brokat-Rock. Das dunkle Grau umh\u00fcllt stilvoll, w\u00e4hrend der Brokat einen raffinierten Akzent setzt. Der silberne Knopfverschluss vervollst\u00e4ndigt dieses einzigartige Kleidungsst\u00fcck mit Klasse. M\u00fchelose Eleganz f\u00fcr einen unverwechselbaren Look<\/p>\n","protected":false},"featured_media":1301,"template":"","meta":{"_seopress_robots_primary_cat":"none","_seopress_titles_title":"Charme Brokat-Rock: Dunkelgrau Eleganz und Raffinesse","_seopress_titles_desc":"Fangen Sie m\u00fchelose Eleganz ein mit dem Charme Brocade Rock: Das dunkle Grau umh\u00fcllt Sie stilvoll, w\u00e4hrend der Brokat einen raffinierten Touch hinzuf\u00fcgt. Vervollst\u00e4ndigen Sie die Klasse mit dem silbernen Knopfverschluss. Ein einzigartiges Kleidungsst\u00fcck f\u00fcr einen unverwechselbaren Look.","_seopress_robots_index":""},"product_brand":[],"product_cat":[103,287],"product_tag":[],"class_list":{"0":"post-962","1":"product","2":"type-product","3":"status-publish","4":"has-post-thumbnail","6":"product_cat-frau","7":"product_cat-hose","9":"first","10":"instock","11":"shipping-taxable","12":"purchasable","13":"product-type-simple"},"jetpack_sharing_enabled":true,"_links":{"self":[{"href":"https:\/\/minacore.ch\/de\/wp-json\/wp\/v2\/product\/962","targetHints":{"allow":["GET"]}}],"collection":[{"href":"https:\/\/minacore.ch\/de\/wp-json\/wp\/v2\/product"}],"about":[{"href":"https:\/\/minacore.ch\/de\/wp-json\/wp\/v2\/types\/product"}],"wp:featuredmedia":[{"embeddable":true,"href":"https:\/\/minacore.ch\/de\/wp-json\/wp\/v2\/media\/1301"}],"wp:attachment":[{"href":"https:\/\/minacore.ch\/de\/wp-json\/wp\/v2\/media?parent=962"}],"wp:term":[{"taxonomy":"product_brand","embeddable":true,"href":"https:\/\/minacore.ch\/de\/wp-json\/wp\/v2\/product_brand?post=962"},{"taxonomy":"product_cat","embeddable":true,"href":"https:\/\/minacore.ch\/de\/wp-json\/wp\/v2\/product_cat?post=962"},{"taxonomy":"product_tag","embeddable":true,"href":"https:\/\/minacore.ch\/de\/wp-json\/wp\/v2\/product_tag?post=962"}],"curies":[{"name":"wp","href":"https:\/\/api.w.org\/{rel}","templated":true}]}}