{"id":2589,"date":"2024-05-10T15:22:20","date_gmt":"2024-05-10T13:22:20","guid":{"rendered":"https:\/\/minacore.ch\/prodotto\/upcycle-faltenrock\/"},"modified":"2024-05-10T15:22:20","modified_gmt":"2024-05-10T13:22:20","slug":"upcycle-faltenrock","status":"publish","type":"product","link":"https:\/\/minacore.ch\/de\/prodotto\/upcycle-faltenrock\/","title":{"rendered":"UpCycle &#8211; Faltenrock"},"content":{"rendered":"","protected":false},"excerpt":{"rendered":"<p>Verleihen Sie Ihrer Garderobe einen Hauch von handgefertigter Eleganz mit unserem Faltenrock, der mit viel Liebe und Sorgfalt aus hochwertiger Baumwolle handgefertigt wurde. Das sizilianische Muster auf Baumwolle verleiht Ihrer Mode einen Hauch von Lebendigkeit und Tradition. Dieser Rock mit seinem raffinierten und femininen Design zeichnet sich durch eine charmante Faltenlegung aus, die jedem Schritt Bewegung und Anmut verleiht. Ausgestattet mit einem bequemen Rei\u00dfverschluss auf der R\u00fcckseite, ist es einfach anzuziehen und passt sich Ihrer Silhouette perfekt an. Entscheiden Sie sich f\u00fcr Sch\u00f6nheit und hochwertige Handwerkskunst mit unserem Faltenrock, einem zeitlosen Kleidungsst\u00fcck, das jedem Outfit einen Hauch von Klasse verleiht.<\/p>\n","protected":false},"featured_media":2585,"template":"","meta":{"_seopress_robots_primary_cat":"","_seopress_titles_title":"","_seopress_titles_desc":"","_seopress_robots_index":""},"product_brand":[],"product_cat":[103,287],"product_tag":[],"class_list":{"0":"post-2589","1":"product","2":"type-product","3":"status-publish","4":"has-post-thumbnail","6":"product_cat-frau","7":"product_cat-hose","9":"first","10":"instock","11":"shipping-taxable","12":"purchasable","13":"product-type-simple"},"jetpack_sharing_enabled":true,"_links":{"self":[{"href":"https:\/\/minacore.ch\/de\/wp-json\/wp\/v2\/product\/2589","targetHints":{"allow":["GET"]}}],"collection":[{"href":"https:\/\/minacore.ch\/de\/wp-json\/wp\/v2\/product"}],"about":[{"href":"https:\/\/minacore.ch\/de\/wp-json\/wp\/v2\/types\/product"}],"wp:featuredmedia":[{"embeddable":true,"href":"https:\/\/minacore.ch\/de\/wp-json\/wp\/v2\/media\/2585"}],"wp:attachment":[{"href":"https:\/\/minacore.ch\/de\/wp-json\/wp\/v2\/media?parent=2589"}],"wp:term":[{"taxonomy":"product_brand","embeddable":true,"href":"https:\/\/minacore.ch\/de\/wp-json\/wp\/v2\/product_brand?post=2589"},{"taxonomy":"product_cat","embeddable":true,"href":"https:\/\/minacore.ch\/de\/wp-json\/wp\/v2\/product_cat?post=2589"},{"taxonomy":"product_tag","embeddable":true,"href":"https:\/\/minacore.ch\/de\/wp-json\/wp\/v2\/product_tag?post=2589"}],"curies":[{"name":"wp","href":"https:\/\/api.w.org\/{rel}","templated":true}]}}