{"id":2573,"date":"2024-05-10T15:17:50","date_gmt":"2024-05-10T13:17:50","guid":{"rendered":"https:\/\/minacore.ch\/prodotto\/unvergessen-croptop-sweatshirt\/"},"modified":"2024-05-10T15:17:50","modified_gmt":"2024-05-10T13:17:50","slug":"unvergessen-croptop-sweatshirt","status":"publish","type":"product","link":"https:\/\/minacore.ch\/de\/prodotto\/unvergessen-croptop-sweatshirt\/","title":{"rendered":"(un)vergessen &#8211; CropTop Sweatshirt"},"content":{"rendered":"","protected":false},"excerpt":{"rendered":"<p>Huldigen Sie der Handwerkskunst und der Nachhaltigkeit mit unserem geh\u00e4kelten Crop-Top-Sweatshirt, das aus Bio-Baumwolle und recycelten Garnen handgefertigt wurde. Jeder Stich ist ein Ausdruck des Engagements f\u00fcr eine gr\u00fcnere Zukunft und der Liebe zur traditionellen Handwerkskunst. Mit seinem vielseitigen und einzigartigen Design ist dieses Crop-Top-Sweatshirt ideal, um Ihrer Garderobe einen Hauch von unverwechselbarem Stil zu verleihen. Entscheiden Sie sich f\u00fcr bewusste und trendige Mode mit unserem geh\u00e4kelten Sweatshirt, perfekt f\u00fcr alle, die Eleganz und Umweltfreundlichkeit sch\u00e4tzen.<\/p>\n","protected":false},"featured_media":2569,"template":"","meta":{"_seopress_robots_primary_cat":"","_seopress_titles_title":"","_seopress_titles_desc":"","_seopress_robots_index":""},"product_brand":[],"product_cat":[103,318,297],"product_tag":[],"class_list":{"0":"post-2573","1":"product","2":"type-product","3":"status-publish","4":"has-post-thumbnail","6":"product_cat-frau","7":"product_cat-jacken","8":"product_cat-top-de","10":"first","11":"instock","12":"shipping-taxable","13":"purchasable","14":"product-type-simple"},"jetpack_sharing_enabled":true,"_links":{"self":[{"href":"https:\/\/minacore.ch\/de\/wp-json\/wp\/v2\/product\/2573","targetHints":{"allow":["GET"]}}],"collection":[{"href":"https:\/\/minacore.ch\/de\/wp-json\/wp\/v2\/product"}],"about":[{"href":"https:\/\/minacore.ch\/de\/wp-json\/wp\/v2\/types\/product"}],"wp:featuredmedia":[{"embeddable":true,"href":"https:\/\/minacore.ch\/de\/wp-json\/wp\/v2\/media\/2569"}],"wp:attachment":[{"href":"https:\/\/minacore.ch\/de\/wp-json\/wp\/v2\/media?parent=2573"}],"wp:term":[{"taxonomy":"product_brand","embeddable":true,"href":"https:\/\/minacore.ch\/de\/wp-json\/wp\/v2\/product_brand?post=2573"},{"taxonomy":"product_cat","embeddable":true,"href":"https:\/\/minacore.ch\/de\/wp-json\/wp\/v2\/product_cat?post=2573"},{"taxonomy":"product_tag","embeddable":true,"href":"https:\/\/minacore.ch\/de\/wp-json\/wp\/v2\/product_tag?post=2573"}],"curies":[{"name":"wp","href":"https:\/\/api.w.org\/{rel}","templated":true}]}}