{"id":2557,"date":"2024-05-10T14:36:01","date_gmt":"2024-05-10T12:36:01","guid":{"rendered":"https:\/\/minacore.ch\/prodotto\/ananas-hain\/"},"modified":"2024-05-10T14:36:01","modified_gmt":"2024-05-10T12:36:01","slug":"ananas-hain","status":"publish","type":"product","link":"https:\/\/minacore.ch\/de\/prodotto\/ananas-hain\/","title":{"rendered":"Ananas-Hain"},"content":{"rendered":"","protected":false},"excerpt":{"rendered":"<p>Bringen Sie Ihr tropisches Temperament mit unserem \u00e4rmellosen Crop Top &#8218;Pineapple Grove&#8216; zum Ausdruck. Dieses handgefertigte T-Shirt aus recycelter Baumwolle vereint Mode und Nachhaltigkeit in einer Kreation. Der halbkreisf\u00f6rmige Schlitz an der H\u00fcfte sorgt f\u00fcr einen Hauch von Originalit\u00e4t. Das gelb-gr\u00fcne Design erinnert an k\u00fchle tropische Pinienw\u00e4lder. Verleihen Sie Ihrem Sommerlook einen Hauch von Lebendigkeit mit diesem einzigartigen, umweltfreundlichen T-Shirt, das perfekt ist, um den Geist der Natur zu umarmen und gleichzeitig stilvoll aufzufallen.<\/p>\n","protected":false},"featured_media":2553,"template":"","meta":{"_seopress_robots_primary_cat":"","_seopress_titles_title":"","_seopress_titles_desc":"","_seopress_robots_index":""},"product_brand":[],"product_cat":[103,297],"product_tag":[],"class_list":{"0":"post-2557","1":"product","2":"type-product","3":"status-publish","4":"has-post-thumbnail","6":"product_cat-frau","7":"product_cat-top-de","9":"first","10":"instock","11":"sale","12":"shipping-taxable","13":"purchasable","14":"product-type-simple"},"jetpack_sharing_enabled":true,"_links":{"self":[{"href":"https:\/\/minacore.ch\/de\/wp-json\/wp\/v2\/product\/2557","targetHints":{"allow":["GET"]}}],"collection":[{"href":"https:\/\/minacore.ch\/de\/wp-json\/wp\/v2\/product"}],"about":[{"href":"https:\/\/minacore.ch\/de\/wp-json\/wp\/v2\/types\/product"}],"wp:featuredmedia":[{"embeddable":true,"href":"https:\/\/minacore.ch\/de\/wp-json\/wp\/v2\/media\/2553"}],"wp:attachment":[{"href":"https:\/\/minacore.ch\/de\/wp-json\/wp\/v2\/media?parent=2557"}],"wp:term":[{"taxonomy":"product_brand","embeddable":true,"href":"https:\/\/minacore.ch\/de\/wp-json\/wp\/v2\/product_brand?post=2557"},{"taxonomy":"product_cat","embeddable":true,"href":"https:\/\/minacore.ch\/de\/wp-json\/wp\/v2\/product_cat?post=2557"},{"taxonomy":"product_tag","embeddable":true,"href":"https:\/\/minacore.ch\/de\/wp-json\/wp\/v2\/product_tag?post=2557"}],"curies":[{"name":"wp","href":"https:\/\/api.w.org\/{rel}","templated":true}]}}