{"id":2539,"date":"2024-05-10T14:26:21","date_gmt":"2024-05-10T12:26:21","guid":{"rendered":"https:\/\/minacore.ch\/prodotto\/unforgotten-sechseckige-strickjacke\/"},"modified":"2024-05-10T14:29:49","modified_gmt":"2024-05-10T12:29:49","slug":"unforgotten-sechseckige-strickjacke","status":"publish","type":"product","link":"https:\/\/minacore.ch\/de\/prodotto\/unforgotten-sechseckige-strickjacke\/","title":{"rendered":"(un)vergessen &#8211; Sechseckige Strickjacke"},"content":{"rendered":"","protected":false},"excerpt":{"rendered":"<p>H\u00fcllen Sie sich in \u00d6ko-Luxus mit unserer einzigartigen Strickjacke, einer harmonischen Mischung aus Bio-Baumwolle und recycelten Garnen. Diese mit viel Liebe zum Detail handgefertigte Strickjacke verk\u00f6rpert die Essenz von Nachhaltigkeit und unverwechselbarem Stil. Da die H\u00e4lfte des Stoffes aus Bio-Baumwolle und die andere H\u00e4lfte aus recycelten Garnen besteht, ist jedes Kleidungsst\u00fcck ein Zeugnis f\u00fcr das Engagement f\u00fcr eine gr\u00fcnere Zukunft. Bringen Sie W\u00e4rme und Charakter in Ihre Garderobe mit dieser eleganten Strickjacke, die Mode und Umweltbewusstsein vereint.<\/p>\n","protected":false},"featured_media":2521,"template":"","meta":{"_seopress_robots_primary_cat":"","_seopress_titles_title":"","_seopress_titles_desc":"","_seopress_robots_index":"","_seopress_analysis_target_kw":""},"product_brand":[],"product_cat":[103,318],"product_tag":[],"class_list":{"0":"post-2539","1":"product","2":"type-product","3":"status-publish","4":"has-post-thumbnail","6":"product_cat-frau","7":"product_cat-jacken","9":"first","10":"instock","11":"shipping-taxable","12":"purchasable","13":"product-type-variable"},"jetpack_sharing_enabled":true,"_links":{"self":[{"href":"https:\/\/minacore.ch\/de\/wp-json\/wp\/v2\/product\/2539","targetHints":{"allow":["GET"]}}],"collection":[{"href":"https:\/\/minacore.ch\/de\/wp-json\/wp\/v2\/product"}],"about":[{"href":"https:\/\/minacore.ch\/de\/wp-json\/wp\/v2\/types\/product"}],"wp:featuredmedia":[{"embeddable":true,"href":"https:\/\/minacore.ch\/de\/wp-json\/wp\/v2\/media\/2521"}],"wp:attachment":[{"href":"https:\/\/minacore.ch\/de\/wp-json\/wp\/v2\/media?parent=2539"}],"wp:term":[{"taxonomy":"product_brand","embeddable":true,"href":"https:\/\/minacore.ch\/de\/wp-json\/wp\/v2\/product_brand?post=2539"},{"taxonomy":"product_cat","embeddable":true,"href":"https:\/\/minacore.ch\/de\/wp-json\/wp\/v2\/product_cat?post=2539"},{"taxonomy":"product_tag","embeddable":true,"href":"https:\/\/minacore.ch\/de\/wp-json\/wp\/v2\/product_tag?post=2539"}],"curies":[{"name":"wp","href":"https:\/\/api.w.org\/{rel}","templated":true}]}}