{"id":2505,"date":"2024-05-10T14:21:05","date_gmt":"2024-05-10T12:21:05","guid":{"rendered":"https:\/\/minacore.ch\/prodotto\/upcycled-aermelloses-trikot\/"},"modified":"2024-05-10T14:30:00","modified_gmt":"2024-05-10T12:30:00","slug":"upcycled-aermelloses-trikot","status":"publish","type":"product","link":"https:\/\/minacore.ch\/de\/prodotto\/upcycled-aermelloses-trikot\/","title":{"rendered":"UpCycle &#8211; \u00c4rmelloses Trikot"},"content":{"rendered":"","protected":false},"excerpt":{"rendered":"<p>Verleihen Sie Ihrem Look einen Hauch von K\u00fchnheit mit unserem schwarzen \u00e4rmellosen Hemd, das vorne kurz und hinten lang ist. Dieses Hemd, das in sorgf\u00e4ltiger Handarbeit aus recycelten T-Shirts hergestellt wird, verk\u00f6rpert den Geist der Nachhaltigkeit und der einzigartigen Mode. Mit seinem originellen Design und seinem Umweltbewusstsein ist dieses Hemd eine schicke Option f\u00fcr alle, die auffallen und gleichzeitig die Umwelt respektieren wollen.<\/p>\n","protected":false},"featured_media":2493,"template":"","meta":{"_seopress_robots_primary_cat":"","_seopress_titles_title":"","_seopress_titles_desc":"","_seopress_robots_index":""},"product_brand":[],"product_cat":[103,297],"product_tag":[],"class_list":{"0":"post-2505","1":"product","2":"type-product","3":"status-publish","4":"has-post-thumbnail","6":"product_cat-frau","7":"product_cat-top-de","9":"first","10":"instock","11":"sale","12":"shipping-taxable","13":"purchasable","14":"product-type-simple"},"jetpack_sharing_enabled":true,"_links":{"self":[{"href":"https:\/\/minacore.ch\/de\/wp-json\/wp\/v2\/product\/2505","targetHints":{"allow":["GET"]}}],"collection":[{"href":"https:\/\/minacore.ch\/de\/wp-json\/wp\/v2\/product"}],"about":[{"href":"https:\/\/minacore.ch\/de\/wp-json\/wp\/v2\/types\/product"}],"wp:featuredmedia":[{"embeddable":true,"href":"https:\/\/minacore.ch\/de\/wp-json\/wp\/v2\/media\/2493"}],"wp:attachment":[{"href":"https:\/\/minacore.ch\/de\/wp-json\/wp\/v2\/media?parent=2505"}],"wp:term":[{"taxonomy":"product_brand","embeddable":true,"href":"https:\/\/minacore.ch\/de\/wp-json\/wp\/v2\/product_brand?post=2505"},{"taxonomy":"product_cat","embeddable":true,"href":"https:\/\/minacore.ch\/de\/wp-json\/wp\/v2\/product_cat?post=2505"},{"taxonomy":"product_tag","embeddable":true,"href":"https:\/\/minacore.ch\/de\/wp-json\/wp\/v2\/product_tag?post=2505"}],"curies":[{"name":"wp","href":"https:\/\/api.w.org\/{rel}","templated":true}]}}