{"id":2489,"date":"2024-05-10T14:16:12","date_gmt":"2024-05-10T12:16:12","guid":{"rendered":"https:\/\/minacore.ch\/prodotto\/upcycled-tanktop\/"},"modified":"2024-05-10T14:30:12","modified_gmt":"2024-05-10T12:30:12","slug":"upcycled-tanktop","status":"publish","type":"product","link":"https:\/\/minacore.ch\/de\/prodotto\/upcycled-tanktop\/","title":{"rendered":"UpCycle &#8211; Tanktop"},"content":{"rendered":"","protected":false},"excerpt":{"rendered":"<p>Dr\u00fccken Sie Ihren einzigartigen Stil mit unserem schwarz-gr\u00fcnen Crop Top aus, das mit Liebe und Nachhaltigkeit hergestellt wurde. Handgefertigt aus recycelten T-Shirts und Jeans, ist jedes St\u00fcck ein Unikat, das Ihrer Garderobe einen Hauch von Originalit\u00e4t verleiht. Entscheiden Sie sich f\u00fcr bewusste und umweltfreundliche Mode mit unserem einzigartigen und modischen Kleidungsst\u00fcck.<\/p>\n","protected":false},"featured_media":2477,"template":"","meta":{"_seopress_robots_primary_cat":"","_seopress_titles_title":"","_seopress_titles_desc":"","_seopress_robots_index":""},"product_brand":[],"product_cat":[103,297],"product_tag":[],"class_list":{"0":"post-2489","1":"product","2":"type-product","3":"status-publish","4":"has-post-thumbnail","6":"product_cat-frau","7":"product_cat-top-de","9":"first","10":"instock","11":"shipping-taxable","12":"purchasable","13":"product-type-simple"},"jetpack_sharing_enabled":true,"_links":{"self":[{"href":"https:\/\/minacore.ch\/de\/wp-json\/wp\/v2\/product\/2489","targetHints":{"allow":["GET"]}}],"collection":[{"href":"https:\/\/minacore.ch\/de\/wp-json\/wp\/v2\/product"}],"about":[{"href":"https:\/\/minacore.ch\/de\/wp-json\/wp\/v2\/types\/product"}],"wp:featuredmedia":[{"embeddable":true,"href":"https:\/\/minacore.ch\/de\/wp-json\/wp\/v2\/media\/2477"}],"wp:attachment":[{"href":"https:\/\/minacore.ch\/de\/wp-json\/wp\/v2\/media?parent=2489"}],"wp:term":[{"taxonomy":"product_brand","embeddable":true,"href":"https:\/\/minacore.ch\/de\/wp-json\/wp\/v2\/product_brand?post=2489"},{"taxonomy":"product_cat","embeddable":true,"href":"https:\/\/minacore.ch\/de\/wp-json\/wp\/v2\/product_cat?post=2489"},{"taxonomy":"product_tag","embeddable":true,"href":"https:\/\/minacore.ch\/de\/wp-json\/wp\/v2\/product_tag?post=2489"}],"curies":[{"name":"wp","href":"https:\/\/api.w.org\/{rel}","templated":true}]}}