{"id":2466,"date":"2024-05-03T14:17:07","date_gmt":"2024-05-03T12:17:07","guid":{"rendered":"https:\/\/minacore.ch\/prodotto\/ecobimbo-strickjacke-2\/"},"modified":"2024-05-03T14:22:29","modified_gmt":"2024-05-03T12:22:29","slug":"ecobimbo-strickjacke-2","status":"publish","type":"product","link":"https:\/\/minacore.ch\/de\/prodotto\/ecobimbo-strickjacke-2\/","title":{"rendered":"EcoBimbo &#8211; Strickjacke"},"content":{"rendered":"","protected":false},"excerpt":{"rendered":"<p>Unsere wei\u00dfe Baumwollstrickjacke mit leuchtend roten Applikationen ist ein handgeh\u00e4keltes Kunstwerk, das speziell f\u00fcr die Kleinsten entworfen wurde. Ein elegantes und einzigartiges Kleidungsst\u00fcck, perfekt, um der Fr\u00fchlingsgarderobe Ihrer Kinder einen Hauch von Farbe und Stil zu verleihen.<\/p>\n","protected":false},"featured_media":2458,"template":"","meta":{"_seopress_robots_primary_cat":"","_seopress_titles_title":"","_seopress_titles_desc":"","_seopress_robots_index":"","_seopress_analysis_target_kw":""},"product_brand":[],"product_cat":[269],"product_tag":[],"class_list":{"0":"post-2466","1":"product","2":"type-product","3":"status-publish","4":"has-post-thumbnail","6":"product_cat-kind","8":"first","9":"outofstock","10":"shipping-taxable","11":"purchasable","12":"product-type-simple"},"jetpack_sharing_enabled":true,"_links":{"self":[{"href":"https:\/\/minacore.ch\/de\/wp-json\/wp\/v2\/product\/2466","targetHints":{"allow":["GET"]}}],"collection":[{"href":"https:\/\/minacore.ch\/de\/wp-json\/wp\/v2\/product"}],"about":[{"href":"https:\/\/minacore.ch\/de\/wp-json\/wp\/v2\/types\/product"}],"wp:featuredmedia":[{"embeddable":true,"href":"https:\/\/minacore.ch\/de\/wp-json\/wp\/v2\/media\/2458"}],"wp:attachment":[{"href":"https:\/\/minacore.ch\/de\/wp-json\/wp\/v2\/media?parent=2466"}],"wp:term":[{"taxonomy":"product_brand","embeddable":true,"href":"https:\/\/minacore.ch\/de\/wp-json\/wp\/v2\/product_brand?post=2466"},{"taxonomy":"product_cat","embeddable":true,"href":"https:\/\/minacore.ch\/de\/wp-json\/wp\/v2\/product_cat?post=2466"},{"taxonomy":"product_tag","embeddable":true,"href":"https:\/\/minacore.ch\/de\/wp-json\/wp\/v2\/product_tag?post=2466"}],"curies":[{"name":"wp","href":"https:\/\/api.w.org\/{rel}","templated":true}]}}