{"id":2360,"date":"2024-04-25T13:44:14","date_gmt":"2024-04-25T11:44:14","guid":{"rendered":"https:\/\/minacore.ch\/prodotto\/ecococcola-haube\/"},"modified":"2024-04-30T11:25:25","modified_gmt":"2024-04-30T09:25:25","slug":"ecococcola-haube","status":"publish","type":"product","link":"https:\/\/minacore.ch\/de\/prodotto\/ecococcola-haube\/","title":{"rendered":"EcoCoccola Haube"},"content":{"rendered":"","protected":false},"excerpt":{"rendered":"<p>Die einh\u00fcllende und bezaubernde Kinderhaube ist ein handgefertigtes Meisterwerk, das Ihre Kleinen stilvoll und bequem vor K\u00e4lte sch\u00fctzt. Aus weichem Garn gefertigt und sorgf\u00e4ltig verarbeitet, bietet dieser Umhang einen Hauch von Eleganz und W\u00e4rme f\u00fcr jede Gelegenheit. Mit seinem vielseitigen und charmanten Design ist dieser Umhang eine bezaubernde Erg\u00e4nzung f\u00fcr die Garderobe Ihres Kindes, perfekt f\u00fcr Winterabenteuer und besondere Anl\u00e4sse.<\/p>\n","protected":false},"featured_media":2317,"template":"","meta":{"_seopress_robots_primary_cat":"none","_seopress_titles_title":"","_seopress_titles_desc":"","_seopress_robots_index":""},"product_brand":[],"product_cat":[269],"product_tag":[],"class_list":{"0":"post-2360","1":"product","2":"type-product","3":"status-publish","4":"has-post-thumbnail","6":"product_cat-kind","8":"first","9":"instock","10":"shipping-taxable","11":"purchasable","12":"product-type-simple"},"jetpack_sharing_enabled":true,"_links":{"self":[{"href":"https:\/\/minacore.ch\/de\/wp-json\/wp\/v2\/product\/2360","targetHints":{"allow":["GET"]}}],"collection":[{"href":"https:\/\/minacore.ch\/de\/wp-json\/wp\/v2\/product"}],"about":[{"href":"https:\/\/minacore.ch\/de\/wp-json\/wp\/v2\/types\/product"}],"wp:featuredmedia":[{"embeddable":true,"href":"https:\/\/minacore.ch\/de\/wp-json\/wp\/v2\/media\/2317"}],"wp:attachment":[{"href":"https:\/\/minacore.ch\/de\/wp-json\/wp\/v2\/media?parent=2360"}],"wp:term":[{"taxonomy":"product_brand","embeddable":true,"href":"https:\/\/minacore.ch\/de\/wp-json\/wp\/v2\/product_brand?post=2360"},{"taxonomy":"product_cat","embeddable":true,"href":"https:\/\/minacore.ch\/de\/wp-json\/wp\/v2\/product_cat?post=2360"},{"taxonomy":"product_tag","embeddable":true,"href":"https:\/\/minacore.ch\/de\/wp-json\/wp\/v2\/product_tag?post=2360"}],"curies":[{"name":"wp","href":"https:\/\/api.w.org\/{rel}","templated":true}]}}