{"id":2355,"date":"2024-04-25T13:40:23","date_gmt":"2024-04-25T11:40:23","guid":{"rendered":"https:\/\/minacore.ch\/prodotto\/ecobimbo-weste\/"},"modified":"2024-04-30T11:21:40","modified_gmt":"2024-04-30T09:21:40","slug":"ecobimbo-weste","status":"publish","type":"product","link":"https:\/\/minacore.ch\/de\/prodotto\/ecobimbo-weste\/","title":{"rendered":"EcoBimbo Weste"},"content":{"rendered":"","protected":false},"excerpt":{"rendered":"<p>Unsere elegante und zarte H\u00e4kelweste ist ein handgefertigtes Meisterwerk, das mit h\u00fcbschen Blumenapplikationen verziert ist und einen Hauch von Romantik und Weiblichkeit vermittelt. Aus hochwertiger Baumwolle gefertigt, bietet diese Weste Komfort und Stil f\u00fcr jede Gelegenheit. Dieses einzigartige Kleidungsst\u00fcck ist perfekt, um ein h\u00fcbsches und raffiniertes Outfit zu vervollst\u00e4ndigen und ist eine wertvolle Erg\u00e4nzung f\u00fcr die Garderobe jeder kleinen Fashionista.<\/p>\n","protected":false},"featured_media":2299,"template":"","meta":{"_seopress_robots_primary_cat":"none","_seopress_titles_title":"","_seopress_titles_desc":"","_seopress_robots_index":""},"product_brand":[],"product_cat":[269],"product_tag":[],"class_list":{"0":"post-2355","1":"product","2":"type-product","3":"status-publish","4":"has-post-thumbnail","6":"product_cat-kind","8":"first","9":"outofstock","10":"shipping-taxable","11":"purchasable","12":"product-type-simple"},"jetpack_sharing_enabled":true,"_links":{"self":[{"href":"https:\/\/minacore.ch\/de\/wp-json\/wp\/v2\/product\/2355","targetHints":{"allow":["GET"]}}],"collection":[{"href":"https:\/\/minacore.ch\/de\/wp-json\/wp\/v2\/product"}],"about":[{"href":"https:\/\/minacore.ch\/de\/wp-json\/wp\/v2\/types\/product"}],"wp:featuredmedia":[{"embeddable":true,"href":"https:\/\/minacore.ch\/de\/wp-json\/wp\/v2\/media\/2299"}],"wp:attachment":[{"href":"https:\/\/minacore.ch\/de\/wp-json\/wp\/v2\/media?parent=2355"}],"wp:term":[{"taxonomy":"product_brand","embeddable":true,"href":"https:\/\/minacore.ch\/de\/wp-json\/wp\/v2\/product_brand?post=2355"},{"taxonomy":"product_cat","embeddable":true,"href":"https:\/\/minacore.ch\/de\/wp-json\/wp\/v2\/product_cat?post=2355"},{"taxonomy":"product_tag","embeddable":true,"href":"https:\/\/minacore.ch\/de\/wp-json\/wp\/v2\/product_tag?post=2355"}],"curies":[{"name":"wp","href":"https:\/\/api.w.org\/{rel}","templated":true}]}}