{"id":2351,"date":"2024-04-25T14:01:31","date_gmt":"2024-04-25T12:01:31","guid":{"rendered":"https:\/\/minacore.ch\/prodotto\/ecobimbo-kleid\/"},"modified":"2024-04-25T14:01:31","modified_gmt":"2024-04-25T12:01:31","slug":"ecobimbo-kleid","status":"publish","type":"product","link":"https:\/\/minacore.ch\/de\/prodotto\/ecobimbo-kleid\/","title":{"rendered":"EcoBimbo Kleid"},"content":{"rendered":"","protected":false},"excerpt":{"rendered":"<p>Unser elegantes, handgestricktes Baumwollkleid ist ein Kunstwerk von zeitloser Anmut und Stil, das speziell f\u00fcr kleine Prinzessinnen entworfen wurde. Dieses aus weichem, hochwertigem Garn gefertigte Kleid bietet Komfort und Raffinesse f\u00fcr Ihr kleines M\u00e4dchen. Mit aufwendigen Details und einem einzigartigen Design ist dieses Kleid perfekt f\u00fcr jeden besonderen Anlass und garantiert einen bezaubernden und unvergesslichen Look, der alle Blicke auf sich ziehen wird.<\/p>\n","protected":false},"featured_media":2326,"template":"","meta":{"_seopress_robots_primary_cat":"","_seopress_titles_title":"","_seopress_titles_desc":"","_seopress_robots_index":""},"product_brand":[],"product_cat":[269],"product_tag":[],"class_list":{"0":"post-2351","1":"product","2":"type-product","3":"status-publish","4":"has-post-thumbnail","6":"product_cat-kind","8":"first","9":"outofstock","10":"shipping-taxable","11":"purchasable","12":"product-type-simple"},"jetpack_sharing_enabled":true,"_links":{"self":[{"href":"https:\/\/minacore.ch\/de\/wp-json\/wp\/v2\/product\/2351","targetHints":{"allow":["GET"]}}],"collection":[{"href":"https:\/\/minacore.ch\/de\/wp-json\/wp\/v2\/product"}],"about":[{"href":"https:\/\/minacore.ch\/de\/wp-json\/wp\/v2\/types\/product"}],"wp:featuredmedia":[{"embeddable":true,"href":"https:\/\/minacore.ch\/de\/wp-json\/wp\/v2\/media\/2326"}],"wp:attachment":[{"href":"https:\/\/minacore.ch\/de\/wp-json\/wp\/v2\/media?parent=2351"}],"wp:term":[{"taxonomy":"product_brand","embeddable":true,"href":"https:\/\/minacore.ch\/de\/wp-json\/wp\/v2\/product_brand?post=2351"},{"taxonomy":"product_cat","embeddable":true,"href":"https:\/\/minacore.ch\/de\/wp-json\/wp\/v2\/product_cat?post=2351"},{"taxonomy":"product_tag","embeddable":true,"href":"https:\/\/minacore.ch\/de\/wp-json\/wp\/v2\/product_tag?post=2351"}],"curies":[{"name":"wp","href":"https:\/\/api.w.org\/{rel}","templated":true}]}}