{"id":2347,"date":"2024-04-25T13:42:03","date_gmt":"2024-04-25T11:42:03","guid":{"rendered":"https:\/\/minacore.ch\/prodotto\/ecococcola-pullover\/"},"modified":"2024-04-30T11:23:38","modified_gmt":"2024-04-30T09:23:38","slug":"ecococcola-pullover","status":"publish","type":"product","link":"https:\/\/minacore.ch\/de\/prodotto\/ecococcola-pullover\/","title":{"rendered":"EcoCoccola Pullover"},"content":{"rendered":"","protected":false},"excerpt":{"rendered":"<p style=\"text-align: left\">Unser warmer und bequemer Pullover f\u00fcr Kinder wird mit Sorgfalt und handwerklichem Geschick aus weicher Strickwolle hergestellt und sorgt f\u00fcr W\u00e4rme und Weichheit bei Ihren Kleinen. Mit seinem klassischen Design und dem detaillierten Strickmuster verleiht dieser Pullover der Garderobe Ihres Kindes einen Hauch von Eleganz und Komfort. Perfekt f\u00fcr k\u00fchle Tage und Outdoor-Abenteuer, ist dieses vielseitige Kleidungsst\u00fcck ein Muss f\u00fcr jede Jahreszeit.<\/p>\n","protected":false},"featured_media":2312,"template":"","meta":{"_seopress_robots_primary_cat":"none","_seopress_titles_title":"","_seopress_titles_desc":"","_seopress_robots_index":""},"product_brand":[],"product_cat":[269],"product_tag":[],"class_list":{"0":"post-2347","1":"product","2":"type-product","3":"status-publish","4":"has-post-thumbnail","6":"product_cat-kind","8":"first","9":"instock","10":"shipping-taxable","11":"purchasable","12":"product-type-simple"},"jetpack_sharing_enabled":true,"_links":{"self":[{"href":"https:\/\/minacore.ch\/de\/wp-json\/wp\/v2\/product\/2347","targetHints":{"allow":["GET"]}}],"collection":[{"href":"https:\/\/minacore.ch\/de\/wp-json\/wp\/v2\/product"}],"about":[{"href":"https:\/\/minacore.ch\/de\/wp-json\/wp\/v2\/types\/product"}],"wp:featuredmedia":[{"embeddable":true,"href":"https:\/\/minacore.ch\/de\/wp-json\/wp\/v2\/media\/2312"}],"wp:attachment":[{"href":"https:\/\/minacore.ch\/de\/wp-json\/wp\/v2\/media?parent=2347"}],"wp:term":[{"taxonomy":"product_brand","embeddable":true,"href":"https:\/\/minacore.ch\/de\/wp-json\/wp\/v2\/product_brand?post=2347"},{"taxonomy":"product_cat","embeddable":true,"href":"https:\/\/minacore.ch\/de\/wp-json\/wp\/v2\/product_cat?post=2347"},{"taxonomy":"product_tag","embeddable":true,"href":"https:\/\/minacore.ch\/de\/wp-json\/wp\/v2\/product_tag?post=2347"}],"curies":[{"name":"wp","href":"https:\/\/api.w.org\/{rel}","templated":true}]}}