{"id":2344,"date":"2024-04-25T14:05:51","date_gmt":"2024-04-25T12:05:51","guid":{"rendered":"https:\/\/minacore.ch\/prodotto\/ecobimbo-strickjacke\/"},"modified":"2024-04-25T14:05:51","modified_gmt":"2024-04-25T12:05:51","slug":"ecobimbo-strickjacke","status":"publish","type":"product","link":"https:\/\/minacore.ch\/de\/prodotto\/ecobimbo-strickjacke\/","title":{"rendered":"EcoBimbo Strickjacke"},"content":{"rendered":"","protected":false},"excerpt":{"rendered":"<p>Unsere in zarter Handarbeit geh\u00e4kelte Strickjacke f\u00fcr Kinder ist ein Meisterwerk an S\u00fc\u00dfe und Komfort. Diese mit Liebe und Sorgfalt aus weicher Baumwolle gefertigte Strickjacke ist eine bezaubernde Erg\u00e4nzung f\u00fcr die Garderobe Ihres Kindes. Mit aufw\u00e4ndigen Details und einem auff\u00e4lligen Design ist dieses Kleidungsst\u00fcck perfekt geeignet, um bezaubernde und kuschelige Outfits zu kreieren, die W\u00e4rme und Stil f\u00fcr jede Gelegenheit bieten. Eine vielseitige und charmante Option f\u00fcr die Spielzeit und k\u00fchle Tage.<\/p>\n","protected":false},"featured_media":2339,"template":"","meta":{"_seopress_robots_primary_cat":"","_seopress_titles_title":"","_seopress_titles_desc":"","_seopress_robots_index":""},"product_brand":[],"product_cat":[269],"product_tag":[],"class_list":{"0":"post-2344","1":"product","2":"type-product","3":"status-publish","4":"has-post-thumbnail","6":"product_cat-kind","8":"first","9":"instock","10":"shipping-taxable","11":"purchasable","12":"product-type-simple"},"jetpack_sharing_enabled":true,"_links":{"self":[{"href":"https:\/\/minacore.ch\/de\/wp-json\/wp\/v2\/product\/2344","targetHints":{"allow":["GET"]}}],"collection":[{"href":"https:\/\/minacore.ch\/de\/wp-json\/wp\/v2\/product"}],"about":[{"href":"https:\/\/minacore.ch\/de\/wp-json\/wp\/v2\/types\/product"}],"wp:featuredmedia":[{"embeddable":true,"href":"https:\/\/minacore.ch\/de\/wp-json\/wp\/v2\/media\/2339"}],"wp:attachment":[{"href":"https:\/\/minacore.ch\/de\/wp-json\/wp\/v2\/media?parent=2344"}],"wp:term":[{"taxonomy":"product_brand","embeddable":true,"href":"https:\/\/minacore.ch\/de\/wp-json\/wp\/v2\/product_brand?post=2344"},{"taxonomy":"product_cat","embeddable":true,"href":"https:\/\/minacore.ch\/de\/wp-json\/wp\/v2\/product_cat?post=2344"},{"taxonomy":"product_tag","embeddable":true,"href":"https:\/\/minacore.ch\/de\/wp-json\/wp\/v2\/product_tag?post=2344"}],"curies":[{"name":"wp","href":"https:\/\/api.w.org\/{rel}","templated":true}]}}