{"id":2341,"date":"2024-04-25T13:34:46","date_gmt":"2024-04-25T11:34:46","guid":{"rendered":"https:\/\/minacore.ch\/prodotto\/ecobimbo-overall-2\/"},"modified":"2024-04-30T11:20:02","modified_gmt":"2024-04-30T09:20:02","slug":"ecobimbo-overall-2","status":"publish","type":"product","link":"https:\/\/minacore.ch\/de\/prodotto\/ecobimbo-overall-2\/","title":{"rendered":"EcoBimbo-Overall"},"content":{"rendered":"","protected":false},"excerpt":{"rendered":"<p>Unsere Latzhosen f\u00fcr Kinder werden in liebevoller Handarbeit aus weicher, geh\u00e4kelter Baumwolle gefertigt und garantieren Komfort und Stil f\u00fcr Ihren kleinen Entdecker. Mit ihren aufw\u00e4ndigen Details und ihrem einzigartigen Design verleiht diese Latzhose der Garderobe Ihres Kindes einen Hauch von S\u00fc\u00dfe und Originalit\u00e4t. Diese handgefertigte Kreation ist perfekt f\u00fcr jedes Abenteuer und jeden Anlass. Sie ist ein Meisterwerk an Komfort und Mode f\u00fcr die Kleinen.<\/p>\n","protected":false},"featured_media":2288,"template":"","meta":{"_seopress_robots_primary_cat":"none","_seopress_titles_title":"","_seopress_titles_desc":"","_seopress_robots_index":""},"product_brand":[],"product_cat":[269],"product_tag":[],"class_list":{"0":"post-2341","1":"product","2":"type-product","3":"status-publish","4":"has-post-thumbnail","6":"product_cat-kind","8":"first","9":"outofstock","10":"shipping-taxable","11":"purchasable","12":"product-type-variable"},"jetpack_sharing_enabled":true,"_links":{"self":[{"href":"https:\/\/minacore.ch\/de\/wp-json\/wp\/v2\/product\/2341","targetHints":{"allow":["GET"]}}],"collection":[{"href":"https:\/\/minacore.ch\/de\/wp-json\/wp\/v2\/product"}],"about":[{"href":"https:\/\/minacore.ch\/de\/wp-json\/wp\/v2\/types\/product"}],"wp:featuredmedia":[{"embeddable":true,"href":"https:\/\/minacore.ch\/de\/wp-json\/wp\/v2\/media\/2288"}],"wp:attachment":[{"href":"https:\/\/minacore.ch\/de\/wp-json\/wp\/v2\/media?parent=2341"}],"wp:term":[{"taxonomy":"product_brand","embeddable":true,"href":"https:\/\/minacore.ch\/de\/wp-json\/wp\/v2\/product_brand?post=2341"},{"taxonomy":"product_cat","embeddable":true,"href":"https:\/\/minacore.ch\/de\/wp-json\/wp\/v2\/product_cat?post=2341"},{"taxonomy":"product_tag","embeddable":true,"href":"https:\/\/minacore.ch\/de\/wp-json\/wp\/v2\/product_tag?post=2341"}],"curies":[{"name":"wp","href":"https:\/\/api.w.org\/{rel}","templated":true}]}}