{"id":2266,"date":"2024-04-25T13:09:19","date_gmt":"2024-04-25T11:09:19","guid":{"rendered":"https:\/\/minacore.ch\/prodotto\/bianconiglietto\/"},"modified":"2024-04-30T11:15:52","modified_gmt":"2024-04-30T09:15:52","slug":"bianconiglietto","status":"publish","type":"product","link":"https:\/\/minacore.ch\/de\/prodotto\/bianconiglietto\/","title":{"rendered":"BianConiglietto"},"content":{"rendered":"","protected":false},"excerpt":{"rendered":"<p>Unser s\u00fc\u00dfes und kuscheliges Pl\u00fcschh\u00e4schen ist aus hochwertiger Baumwolle handgefertigt und mit weicher Wattierung gef\u00fcllt, um Komfort und Weichheit f\u00fcr endlose Kuschelstunden zu gew\u00e4hrleisten. Mit seinem bezaubernden Design und den feinen Details wird dieser Hase bald der beste Freund Ihres Babys sein und f\u00fcr stundenlangen Spa\u00df und Komfort beim Spielen und Schlafen sorgen. Ein bezauberndes und zeitloses Geschenk f\u00fcr die Kleinen, perfekt um s\u00fc\u00dfe Erinnerungen zu schaffen.<\/p>\n","protected":false},"featured_media":2242,"template":"","meta":{"_seopress_robots_primary_cat":"none","_seopress_titles_title":"","_seopress_titles_desc":"","_seopress_robots_index":""},"product_brand":[],"product_cat":[269],"product_tag":[],"class_list":{"0":"post-2266","1":"product","2":"type-product","3":"status-publish","4":"has-post-thumbnail","6":"product_cat-kind","8":"first","9":"outofstock","10":"shipping-taxable","11":"purchasable","12":"product-type-simple"},"jetpack_sharing_enabled":true,"_links":{"self":[{"href":"https:\/\/minacore.ch\/de\/wp-json\/wp\/v2\/product\/2266","targetHints":{"allow":["GET"]}}],"collection":[{"href":"https:\/\/minacore.ch\/de\/wp-json\/wp\/v2\/product"}],"about":[{"href":"https:\/\/minacore.ch\/de\/wp-json\/wp\/v2\/types\/product"}],"wp:featuredmedia":[{"embeddable":true,"href":"https:\/\/minacore.ch\/de\/wp-json\/wp\/v2\/media\/2242"}],"wp:attachment":[{"href":"https:\/\/minacore.ch\/de\/wp-json\/wp\/v2\/media?parent=2266"}],"wp:term":[{"taxonomy":"product_brand","embeddable":true,"href":"https:\/\/minacore.ch\/de\/wp-json\/wp\/v2\/product_brand?post=2266"},{"taxonomy":"product_cat","embeddable":true,"href":"https:\/\/minacore.ch\/de\/wp-json\/wp\/v2\/product_cat?post=2266"},{"taxonomy":"product_tag","embeddable":true,"href":"https:\/\/minacore.ch\/de\/wp-json\/wp\/v2\/product_tag?post=2266"}],"curies":[{"name":"wp","href":"https:\/\/api.w.org\/{rel}","templated":true}]}}