{"id":2263,"date":"2024-04-25T13:02:08","date_gmt":"2024-04-25T11:02:08","guid":{"rendered":"https:\/\/minacore.ch\/prodotto\/purscelin\/"},"modified":"2024-04-30T11:13:54","modified_gmt":"2024-04-30T09:13:54","slug":"purscelin","status":"publish","type":"product","link":"https:\/\/minacore.ch\/de\/prodotto\/purscelin\/","title":{"rendered":"Purscel\u00ecn"},"content":{"rendered":"","protected":false},"excerpt":{"rendered":"<p>Unser liebenswertes und nachhaltiges Pl\u00fcschschwein wird in liebevoller Handarbeit aus recycelter Baumwolle hergestellt, was es nicht nur weich und kuschelig, sondern auch umweltfreundlich macht. Mit seinen aufw\u00e4ndigen Details und seinem einzigartigen Design ist dieses s\u00fc\u00dfe kleine Schweinchen der perfekte Begleiter zum Spielen und Kuscheln, der Jung und Alt gleicherma\u00dfen Trost und Freude bereitet.<\/p>\n","protected":false},"featured_media":2224,"template":"","meta":{"_seopress_robots_primary_cat":"none","_seopress_titles_title":"","_seopress_titles_desc":"","_seopress_robots_index":"","_seopress_analysis_target_kw":""},"product_brand":[],"product_cat":[269],"product_tag":[],"class_list":{"0":"post-2263","1":"product","2":"type-product","3":"status-publish","4":"has-post-thumbnail","6":"product_cat-kind","8":"first","9":"instock","10":"shipping-taxable","11":"purchasable","12":"product-type-simple"},"jetpack_sharing_enabled":true,"_links":{"self":[{"href":"https:\/\/minacore.ch\/de\/wp-json\/wp\/v2\/product\/2263","targetHints":{"allow":["GET"]}}],"collection":[{"href":"https:\/\/minacore.ch\/de\/wp-json\/wp\/v2\/product"}],"about":[{"href":"https:\/\/minacore.ch\/de\/wp-json\/wp\/v2\/types\/product"}],"wp:featuredmedia":[{"embeddable":true,"href":"https:\/\/minacore.ch\/de\/wp-json\/wp\/v2\/media\/2224"}],"wp:attachment":[{"href":"https:\/\/minacore.ch\/de\/wp-json\/wp\/v2\/media?parent=2263"}],"wp:term":[{"taxonomy":"product_brand","embeddable":true,"href":"https:\/\/minacore.ch\/de\/wp-json\/wp\/v2\/product_brand?post=2263"},{"taxonomy":"product_cat","embeddable":true,"href":"https:\/\/minacore.ch\/de\/wp-json\/wp\/v2\/product_cat?post=2263"},{"taxonomy":"product_tag","embeddable":true,"href":"https:\/\/minacore.ch\/de\/wp-json\/wp\/v2\/product_tag?post=2263"}],"curies":[{"name":"wp","href":"https:\/\/api.w.org\/{rel}","templated":true}]}}