{"id":2261,"date":"2024-04-25T13:11:02","date_gmt":"2024-04-25T11:11:02","guid":{"rendered":"https:\/\/minacore.ch\/prodotto\/pandino\/"},"modified":"2024-04-30T11:17:53","modified_gmt":"2024-04-30T09:17:53","slug":"pandino","status":"publish","type":"product","link":"https:\/\/minacore.ch\/de\/prodotto\/pandino\/","title":{"rendered":"PanDino"},"content":{"rendered":"","protected":false},"excerpt":{"rendered":"<p>Unser niedlicher und unwiderstehlicher Pl\u00fcschpanda wurde in liebevoller Handarbeit aus hochwertiger Baumwolle gefertigt und mit weicher Watte gef\u00fcllt. So ist er ein sicherer und weicher Spielkamerad f\u00fcr Ihr Kind. Mit seinem charmanten Design und den feinen Details ist dieser Panda bereit f\u00fcr spannende Abenteuer und kuschelige Umarmungen. Ein einzigartiges und unvergessliches Geschenk, das Freude und Gl\u00fcck in jede Spielzeit bringt.<\/p>\n","protected":false},"featured_media":2255,"template":"","meta":{"_seopress_robots_primary_cat":"none","_seopress_titles_title":"","_seopress_titles_desc":"","_seopress_robots_index":""},"product_brand":[],"product_cat":[269],"product_tag":[],"class_list":{"0":"post-2261","1":"product","2":"type-product","3":"status-publish","4":"has-post-thumbnail","6":"product_cat-kind","8":"first","9":"outofstock","10":"shipping-taxable","11":"purchasable","12":"product-type-simple"},"jetpack_sharing_enabled":true,"_links":{"self":[{"href":"https:\/\/minacore.ch\/de\/wp-json\/wp\/v2\/product\/2261","targetHints":{"allow":["GET"]}}],"collection":[{"href":"https:\/\/minacore.ch\/de\/wp-json\/wp\/v2\/product"}],"about":[{"href":"https:\/\/minacore.ch\/de\/wp-json\/wp\/v2\/types\/product"}],"wp:featuredmedia":[{"embeddable":true,"href":"https:\/\/minacore.ch\/de\/wp-json\/wp\/v2\/media\/2255"}],"wp:attachment":[{"href":"https:\/\/minacore.ch\/de\/wp-json\/wp\/v2\/media?parent=2261"}],"wp:term":[{"taxonomy":"product_brand","embeddable":true,"href":"https:\/\/minacore.ch\/de\/wp-json\/wp\/v2\/product_brand?post=2261"},{"taxonomy":"product_cat","embeddable":true,"href":"https:\/\/minacore.ch\/de\/wp-json\/wp\/v2\/product_cat?post=2261"},{"taxonomy":"product_tag","embeddable":true,"href":"https:\/\/minacore.ch\/de\/wp-json\/wp\/v2\/product_tag?post=2261"}],"curies":[{"name":"wp","href":"https:\/\/api.w.org\/{rel}","templated":true}]}}