{"id":2258,"date":"2024-04-25T13:07:44","date_gmt":"2024-04-25T11:07:44","guid":{"rendered":"https:\/\/minacore.ch\/prodotto\/larana\/"},"modified":"2024-04-30T11:12:33","modified_gmt":"2024-04-30T09:12:33","slug":"larana","status":"publish","type":"product","link":"https:\/\/minacore.ch\/de\/prodotto\/larana\/","title":{"rendered":"LaraNa"},"content":{"rendered":"","protected":false},"excerpt":{"rendered":"<p>Unser lustiger und umweltfreundlicher Pl\u00fcschfrosch wurde aus recycelter Baumwolle handgefertigt und ist ein weicher und sicherer Spielkamerad f\u00fcr Ihr Kind. Mit seinem lebhaften, farbenfrohen Design und seiner nachhaltigen F\u00fcllung ist dieser Frosch bereit f\u00fcr lustige Abenteuer und liebevolle Umarmungen. Eine unwiderstehliche Erg\u00e4nzung f\u00fcr die Spielzeugsammlung Ihrer Kleinen und gleichzeitig ein Beitrag zur \u00f6kologischen Nachhaltigkeit.<\/p>\n","protected":false},"featured_media":2229,"template":"","meta":{"_seopress_robots_primary_cat":"none","_seopress_titles_title":"","_seopress_titles_desc":"","_seopress_robots_index":""},"product_brand":[],"product_cat":[269],"product_tag":[],"class_list":{"0":"post-2258","1":"product","2":"type-product","3":"status-publish","4":"has-post-thumbnail","6":"product_cat-kind","8":"first","9":"outofstock","10":"shipping-taxable","11":"purchasable","12":"product-type-simple"},"jetpack_sharing_enabled":true,"_links":{"self":[{"href":"https:\/\/minacore.ch\/de\/wp-json\/wp\/v2\/product\/2258","targetHints":{"allow":["GET"]}}],"collection":[{"href":"https:\/\/minacore.ch\/de\/wp-json\/wp\/v2\/product"}],"about":[{"href":"https:\/\/minacore.ch\/de\/wp-json\/wp\/v2\/types\/product"}],"wp:featuredmedia":[{"embeddable":true,"href":"https:\/\/minacore.ch\/de\/wp-json\/wp\/v2\/media\/2229"}],"wp:attachment":[{"href":"https:\/\/minacore.ch\/de\/wp-json\/wp\/v2\/media?parent=2258"}],"wp:term":[{"taxonomy":"product_brand","embeddable":true,"href":"https:\/\/minacore.ch\/de\/wp-json\/wp\/v2\/product_brand?post=2258"},{"taxonomy":"product_cat","embeddable":true,"href":"https:\/\/minacore.ch\/de\/wp-json\/wp\/v2\/product_cat?post=2258"},{"taxonomy":"product_tag","embeddable":true,"href":"https:\/\/minacore.ch\/de\/wp-json\/wp\/v2\/product_tag?post=2258"}],"curies":[{"name":"wp","href":"https:\/\/api.w.org\/{rel}","templated":true}]}}