{"id":2208,"date":"2024-04-25T12:36:48","date_gmt":"2024-04-25T10:36:48","guid":{"rendered":"https:\/\/minacore.ch\/prodotto\/eco-baby-anzug\/"},"modified":"2024-04-25T14:42:04","modified_gmt":"2024-04-25T12:42:04","slug":"eco-baby-anzug","status":"publish","type":"product","link":"https:\/\/minacore.ch\/de\/prodotto\/eco-baby-anzug\/","title":{"rendered":"\u00d6ko-Baby-Anzug"},"content":{"rendered":"","protected":false},"excerpt":{"rendered":"<p>Unser zartes und bezauberndes geh\u00e4keltes Baby-Outfit ist aus Bio-Baumwolle handgefertigt und garantiert Weichheit und Sicherheit f\u00fcr die empfindliche Haut Ihres Babys. Mit einem wei\u00dfen Tank-Top mit rosa Details und einer passenden Windelh\u00fclle ist dieses Set perfekt f\u00fcr jede Gelegenheit und ein besonderes Geschenk f\u00fcr Babys.<\/p>\n","protected":false},"featured_media":2220,"template":"","meta":{"_seopress_robots_primary_cat":"none","_seopress_titles_title":"","_seopress_titles_desc":"","_seopress_robots_index":""},"product_brand":[],"product_cat":[269],"product_tag":[],"class_list":{"0":"post-2208","1":"product","2":"type-product","3":"status-publish","4":"has-post-thumbnail","6":"product_cat-kind","8":"first","9":"outofstock","10":"shipping-taxable","11":"purchasable","12":"product-type-simple"},"jetpack_sharing_enabled":true,"_links":{"self":[{"href":"https:\/\/minacore.ch\/de\/wp-json\/wp\/v2\/product\/2208","targetHints":{"allow":["GET"]}}],"collection":[{"href":"https:\/\/minacore.ch\/de\/wp-json\/wp\/v2\/product"}],"about":[{"href":"https:\/\/minacore.ch\/de\/wp-json\/wp\/v2\/types\/product"}],"wp:featuredmedia":[{"embeddable":true,"href":"https:\/\/minacore.ch\/de\/wp-json\/wp\/v2\/media\/2220"}],"wp:attachment":[{"href":"https:\/\/minacore.ch\/de\/wp-json\/wp\/v2\/media?parent=2208"}],"wp:term":[{"taxonomy":"product_brand","embeddable":true,"href":"https:\/\/minacore.ch\/de\/wp-json\/wp\/v2\/product_brand?post=2208"},{"taxonomy":"product_cat","embeddable":true,"href":"https:\/\/minacore.ch\/de\/wp-json\/wp\/v2\/product_cat?post=2208"},{"taxonomy":"product_tag","embeddable":true,"href":"https:\/\/minacore.ch\/de\/wp-json\/wp\/v2\/product_tag?post=2208"}],"curies":[{"name":"wp","href":"https:\/\/api.w.org\/{rel}","templated":true}]}}