{"id":2201,"date":"2024-04-23T12:01:51","date_gmt":"2024-04-23T10:01:51","guid":{"rendered":"https:\/\/minacore.ch\/prodotto\/gruener-garten-hemd\/"},"modified":"2024-04-23T12:01:51","modified_gmt":"2024-04-23T10:01:51","slug":"gruener-garten-hemd","status":"publish","type":"product","link":"https:\/\/minacore.ch\/de\/prodotto\/gruener-garten-hemd\/","title":{"rendered":"Gr\u00fcner Garten &#8211; Hemd"},"content":{"rendered":"","protected":false},"excerpt":{"rendered":"<p>Verleihen Sie Ihrer Garderobe einen Hauch von handgefertigter Eleganz mit unserem exklusiven, handgefertigten Baumwollhemd. Dieses Hemd mit einem leuchtenden lila und gr\u00fcnen Blumenmuster hat eine Knopfleiste, die eine Aura von minimalistischer Raffinesse verleiht. Kurze Ballon\u00e4rmel sorgen f\u00fcr einen Hauch von Weiblichkeit und verspieltem Stil. Mit zwei Schlitzen an den H\u00fcften f\u00fcr optimalen Komfort und einer flie\u00dfenden Passform ist dieses Hemd perfekt, um Ihren Fr\u00fchlingslook mit einem frischen und originellen Touch zu vervollst\u00e4ndigen.<\/p>\n","protected":false},"featured_media":2197,"template":"","meta":{"_seopress_robots_primary_cat":"","_seopress_titles_title":"","_seopress_titles_desc":"","_seopress_robots_index":""},"product_brand":[],"product_cat":[103,297],"product_tag":[],"class_list":{"0":"post-2201","1":"product","2":"type-product","3":"status-publish","4":"has-post-thumbnail","6":"product_cat-frau","7":"product_cat-top-de","9":"first","10":"instock","11":"shipping-taxable","12":"purchasable","13":"product-type-simple"},"jetpack_sharing_enabled":true,"_links":{"self":[{"href":"https:\/\/minacore.ch\/de\/wp-json\/wp\/v2\/product\/2201","targetHints":{"allow":["GET"]}}],"collection":[{"href":"https:\/\/minacore.ch\/de\/wp-json\/wp\/v2\/product"}],"about":[{"href":"https:\/\/minacore.ch\/de\/wp-json\/wp\/v2\/types\/product"}],"wp:featuredmedia":[{"embeddable":true,"href":"https:\/\/minacore.ch\/de\/wp-json\/wp\/v2\/media\/2197"}],"wp:attachment":[{"href":"https:\/\/minacore.ch\/de\/wp-json\/wp\/v2\/media?parent=2201"}],"wp:term":[{"taxonomy":"product_brand","embeddable":true,"href":"https:\/\/minacore.ch\/de\/wp-json\/wp\/v2\/product_brand?post=2201"},{"taxonomy":"product_cat","embeddable":true,"href":"https:\/\/minacore.ch\/de\/wp-json\/wp\/v2\/product_cat?post=2201"},{"taxonomy":"product_tag","embeddable":true,"href":"https:\/\/minacore.ch\/de\/wp-json\/wp\/v2\/product_tag?post=2201"}],"curies":[{"name":"wp","href":"https:\/\/api.w.org\/{rel}","templated":true}]}}