{"id":1993,"date":"2024-04-12T18:29:55","date_gmt":"2024-04-12T16:29:55","guid":{"rendered":"https:\/\/minacore.ch\/prodotto\/gruener-marmor-mond\/"},"modified":"2024-04-23T13:56:17","modified_gmt":"2024-04-23T11:56:17","slug":"gruener-marmor-mond","status":"publish","type":"product","link":"https:\/\/minacore.ch\/de\/prodotto\/gruener-marmor-mond\/","title":{"rendered":"Gr\u00fcner Marmor &#8211; Mond"},"content":{"rendered":"","protected":false},"excerpt":{"rendered":"<p>Unsere Ohrringe mit doppeltem Anh\u00e4nger sind eine bezaubernde Interpretation himmlischer Sch\u00f6nheit. Sie sind aus Polymerton und Harz gefertigt und verleihen ihnen einen Hauch von Eleganz und Originalit\u00e4t. Der obere, kreisf\u00f6rmige Anh\u00e4nger und der untere in Form einer Mondsichel sind eine Kombination aus Schlichtheit und Geheimnis. Graue, dunkelgr\u00fcne und goldene Farbt\u00f6ne gehen harmonisch ineinander \u00fcber und sorgen f\u00fcr eine auff\u00e4llige und aufmerksamkeitsstarke Optik. Die gewundene Form der Mondsichel ruft ein Gef\u00fchl von Faszination und Magie hervor, w\u00e4hrend der Kreis die Ewigkeit und Unendlichkeit des Nachthimmels darstellt. Tragen Sie sie, um Ihrem Look einen Hauch von Geheimnis und Raffinesse zu verleihen, ob tags\u00fcber oder abends. Diese Ohrringe sind eine Ode an die Sch\u00f6nheit des Sternenhimmels, perfekt f\u00fcr alle, die ihre Individualit\u00e4t stilvoll zum Ausdruck bringen m\u00f6chten.<\/p>\n","protected":false},"featured_media":2014,"template":"","meta":{"_seopress_robots_primary_cat":"none","_seopress_titles_title":"Doppelte Anh\u00e4nger-Ohrringe: Himmlische Eleganz aus Polymer Clay und Harz","_seopress_titles_desc":"Entdecken Sie die Eleganz des Nachthimmels mit unseren Doppelanh\u00e4nger-Ohrringen. Sie sind aus Polymer-Ton und Harz gefertigt und verbinden das Geheimnis der Mondsichel mit der Unendlichkeit des Kreises, in Graut\u00f6nen, Dunkelgr\u00fcn und Gold. Verleihen Sie Ihrem Look einen Hauch von Magie, ob bei Tag oder Nacht, mit dieser atemberaubenden Interpretation himmlischer Sch\u00f6nheit.","_seopress_robots_index":""},"product_brand":[],"product_cat":[344,266],"product_tag":[],"class_list":{"0":"post-1993","1":"product","2":"type-product","3":"status-publish","4":"has-post-thumbnail","6":"product_cat-ohrringe","7":"product_cat-schmuck","9":"first","10":"instock","11":"shipping-taxable","12":"purchasable","13":"product-type-simple"},"jetpack_sharing_enabled":true,"_links":{"self":[{"href":"https:\/\/minacore.ch\/de\/wp-json\/wp\/v2\/product\/1993","targetHints":{"allow":["GET"]}}],"collection":[{"href":"https:\/\/minacore.ch\/de\/wp-json\/wp\/v2\/product"}],"about":[{"href":"https:\/\/minacore.ch\/de\/wp-json\/wp\/v2\/types\/product"}],"wp:featuredmedia":[{"embeddable":true,"href":"https:\/\/minacore.ch\/de\/wp-json\/wp\/v2\/media\/2014"}],"wp:attachment":[{"href":"https:\/\/minacore.ch\/de\/wp-json\/wp\/v2\/media?parent=1993"}],"wp:term":[{"taxonomy":"product_brand","embeddable":true,"href":"https:\/\/minacore.ch\/de\/wp-json\/wp\/v2\/product_brand?post=1993"},{"taxonomy":"product_cat","embeddable":true,"href":"https:\/\/minacore.ch\/de\/wp-json\/wp\/v2\/product_cat?post=1993"},{"taxonomy":"product_tag","embeddable":true,"href":"https:\/\/minacore.ch\/de\/wp-json\/wp\/v2\/product_tag?post=1993"}],"curies":[{"name":"wp","href":"https:\/\/api.w.org\/{rel}","templated":true}]}}