{"id":1984,"date":"2024-04-12T18:26:53","date_gmt":"2024-04-12T16:26:53","guid":{"rendered":"https:\/\/minacore.ch\/prodotto\/gruener-marmor-herz\/"},"modified":"2024-04-12T18:26:53","modified_gmt":"2024-04-12T16:26:53","slug":"gruener-marmor-herz","status":"publish","type":"product","link":"https:\/\/minacore.ch\/de\/prodotto\/gruener-marmor-herz\/","title":{"rendered":"Gr\u00fcner Marmor &#8211; Herz"},"content":{"rendered":"","protected":false},"excerpt":{"rendered":"<p>Unsere Ohrringe mit doppeltem Anh\u00e4nger sind ein Ausdruck von Eleganz und raffiniertem Stil, der Ihrem Look einen Hauch von Charme verleiht. Der obere, ovale Anh\u00e4nger und der untere, herzf\u00f6rmige Anh\u00e4nger sind aus Polymerton und Harz gefertigt, wobei Graut\u00f6ne, Dunkelgr\u00fcn und Gold gekonnt kombiniert werden, um einen raffinierten und auff\u00e4lligen Kontrast zu schaffen. Die Texturen und Nuancen der Elemente verleihen ihnen eine zeitlose Eleganz, w\u00e4hrend die Kombination geometrischer Formen ihnen einen Hauch von Modernit\u00e4t und Originalit\u00e4t verleiht. Tragen Sie sie f\u00fcr diskrete Eleganz am Tag oder f\u00fcr einen Hauch von Glamour am Abend. Diese Ohrringe sind das perfekte Accessoire f\u00fcr alle, die anspruchsvolle Eleganz mit einem Hauch von Einzigartigkeit suchen.<\/p>\n","protected":false},"featured_media":1988,"template":"","meta":{"_seopress_robots_primary_cat":"","_seopress_titles_title":"","_seopress_titles_desc":"","_seopress_robots_index":""},"product_brand":[],"product_cat":[344,266],"product_tag":[],"class_list":{"0":"post-1984","1":"product","2":"type-product","3":"status-publish","4":"has-post-thumbnail","6":"product_cat-ohrringe","7":"product_cat-schmuck","9":"first","10":"outofstock","11":"shipping-taxable","12":"purchasable","13":"product-type-simple"},"jetpack_sharing_enabled":true,"_links":{"self":[{"href":"https:\/\/minacore.ch\/de\/wp-json\/wp\/v2\/product\/1984","targetHints":{"allow":["GET"]}}],"collection":[{"href":"https:\/\/minacore.ch\/de\/wp-json\/wp\/v2\/product"}],"about":[{"href":"https:\/\/minacore.ch\/de\/wp-json\/wp\/v2\/types\/product"}],"wp:featuredmedia":[{"embeddable":true,"href":"https:\/\/minacore.ch\/de\/wp-json\/wp\/v2\/media\/1988"}],"wp:attachment":[{"href":"https:\/\/minacore.ch\/de\/wp-json\/wp\/v2\/media?parent=1984"}],"wp:term":[{"taxonomy":"product_brand","embeddable":true,"href":"https:\/\/minacore.ch\/de\/wp-json\/wp\/v2\/product_brand?post=1984"},{"taxonomy":"product_cat","embeddable":true,"href":"https:\/\/minacore.ch\/de\/wp-json\/wp\/v2\/product_cat?post=1984"},{"taxonomy":"product_tag","embeddable":true,"href":"https:\/\/minacore.ch\/de\/wp-json\/wp\/v2\/product_tag?post=1984"}],"curies":[{"name":"wp","href":"https:\/\/api.w.org\/{rel}","templated":true}]}}