{"id":1935,"date":"2024-04-12T18:14:04","date_gmt":"2024-04-12T16:14:04","guid":{"rendered":"https:\/\/minacore.ch\/prodotto\/planet-halskette\/"},"modified":"2024-04-12T18:15:24","modified_gmt":"2024-04-12T16:15:24","slug":"planet-halskette","status":"publish","type":"product","link":"https:\/\/minacore.ch\/de\/prodotto\/planet-halskette\/","title":{"rendered":"Planet Halskette"},"content":{"rendered":"","protected":false},"excerpt":{"rendered":"<p>Unsere Halskette mit Reif-Anh\u00e4nger ist eine Ode an kosmische Sch\u00f6nheit und k\u00fcnstlerische Anmut. Der kreisf\u00f6rmige Anh\u00e4nger in Gr\u00fcn-, Grau- und Goldt\u00f6nen erinnert an einen im Weltraum schwebenden Planeten und vermittelt ein Gef\u00fchl von Geheimnis und Wunder. Bei der Herstellung wurde jedes Detail mit gr\u00f6\u00dfter Sorgfalt bearbeitet, um eine hypnotische und suggestive Wirkung zu erzielen. Seine elegante Form und die attraktiven Farbt\u00f6ne machen ihn zu einem vielseitigen Accessoire, das sich sowohl f\u00fcr legere als auch f\u00fcr anspruchsvollere Looks eignet. Das Tragen dieser Kette ist wie das Tragen eines Fragments des Universums, ein Symbol f\u00fcr Sch\u00f6nheit und unendliche M\u00f6glichkeiten.<\/p>\n","protected":false},"featured_media":1937,"template":"","meta":{"_seopress_robots_primary_cat":"none","_seopress_titles_title":"","_seopress_titles_desc":"","_seopress_robots_index":""},"product_brand":[],"product_cat":[349,266],"product_tag":[],"class_list":{"0":"post-1935","1":"product","2":"type-product","3":"status-publish","4":"has-post-thumbnail","6":"product_cat-halsketten","7":"product_cat-schmuck","9":"first","10":"instock","11":"shipping-taxable","12":"purchasable","13":"product-type-simple"},"jetpack_sharing_enabled":true,"_links":{"self":[{"href":"https:\/\/minacore.ch\/de\/wp-json\/wp\/v2\/product\/1935","targetHints":{"allow":["GET"]}}],"collection":[{"href":"https:\/\/minacore.ch\/de\/wp-json\/wp\/v2\/product"}],"about":[{"href":"https:\/\/minacore.ch\/de\/wp-json\/wp\/v2\/types\/product"}],"wp:featuredmedia":[{"embeddable":true,"href":"https:\/\/minacore.ch\/de\/wp-json\/wp\/v2\/media\/1937"}],"wp:attachment":[{"href":"https:\/\/minacore.ch\/de\/wp-json\/wp\/v2\/media?parent=1935"}],"wp:term":[{"taxonomy":"product_brand","embeddable":true,"href":"https:\/\/minacore.ch\/de\/wp-json\/wp\/v2\/product_brand?post=1935"},{"taxonomy":"product_cat","embeddable":true,"href":"https:\/\/minacore.ch\/de\/wp-json\/wp\/v2\/product_cat?post=1935"},{"taxonomy":"product_tag","embeddable":true,"href":"https:\/\/minacore.ch\/de\/wp-json\/wp\/v2\/product_tag?post=1935"}],"curies":[{"name":"wp","href":"https:\/\/api.w.org\/{rel}","templated":true}]}}