{"id":1826,"date":"2024-04-08T13:54:52","date_gmt":"2024-04-08T11:54:52","guid":{"rendered":"https:\/\/minacore.ch\/prodotto\/kaktus-fracht\/"},"modified":"2024-05-10T16:27:22","modified_gmt":"2024-05-10T14:27:22","slug":"kaktus-fracht","status":"publish","type":"product","link":"https:\/\/minacore.ch\/de\/prodotto\/kaktus-fracht\/","title":{"rendered":"Kaktus Fracht"},"content":{"rendered":"","protected":false},"excerpt":{"rendered":"<p>Bringen Sie einen Hauch von Frische und Spa\u00df in Ihren Look mit dieser hellblauen Cargoweste, die mit funktionellen Taschen und einem Baumwollboden f\u00fcr lang anhaltenden Komfort ausgestattet ist. Der Kaktus-Print verleiht einen Hauch von Originalit\u00e4t und Pers\u00f6nlichkeit, der einen Hauch von Abenteuer und Unbek\u00fcmmertheit mit sich bringt. Diese Cargos sind ideal f\u00fcr einen l\u00e4ssigen Look mit Pfiff und die perfekte Erg\u00e4nzung f\u00fcr Ihre Sommergarderobe.<\/p>\n","protected":false},"featured_media":2700,"template":"","meta":{"_seopress_robots_primary_cat":"","_seopress_titles_title":"","_seopress_titles_desc":"","_seopress_robots_index":""},"product_brand":[],"product_cat":[103,287],"product_tag":[],"class_list":{"0":"post-1826","1":"product","2":"type-product","3":"status-publish","4":"has-post-thumbnail","6":"product_cat-frau","7":"product_cat-hose","9":"first","10":"instock","11":"shipping-taxable","12":"purchasable","13":"product-type-simple"},"jetpack_sharing_enabled":true,"_links":{"self":[{"href":"https:\/\/minacore.ch\/de\/wp-json\/wp\/v2\/product\/1826","targetHints":{"allow":["GET"]}}],"collection":[{"href":"https:\/\/minacore.ch\/de\/wp-json\/wp\/v2\/product"}],"about":[{"href":"https:\/\/minacore.ch\/de\/wp-json\/wp\/v2\/types\/product"}],"wp:featuredmedia":[{"embeddable":true,"href":"https:\/\/minacore.ch\/de\/wp-json\/wp\/v2\/media\/2700"}],"wp:attachment":[{"href":"https:\/\/minacore.ch\/de\/wp-json\/wp\/v2\/media?parent=1826"}],"wp:term":[{"taxonomy":"product_brand","embeddable":true,"href":"https:\/\/minacore.ch\/de\/wp-json\/wp\/v2\/product_brand?post=1826"},{"taxonomy":"product_cat","embeddable":true,"href":"https:\/\/minacore.ch\/de\/wp-json\/wp\/v2\/product_cat?post=1826"},{"taxonomy":"product_tag","embeddable":true,"href":"https:\/\/minacore.ch\/de\/wp-json\/wp\/v2\/product_tag?post=1826"}],"curies":[{"name":"wp","href":"https:\/\/api.w.org\/{rel}","templated":true}]}}