{"id":1817,"date":"2024-04-08T13:51:28","date_gmt":"2024-04-08T11:51:28","guid":{"rendered":"https:\/\/minacore.ch\/prodotto\/teatime-kurze-hosen\/"},"modified":"2024-05-10T17:19:26","modified_gmt":"2024-05-10T15:19:26","slug":"teatime-kurze-hosen","status":"publish","type":"product","link":"https:\/\/minacore.ch\/de\/prodotto\/teatime-kurze-hosen\/","title":{"rendered":"TeaTime &#8211; Kurze Hosen"},"content":{"rendered":"","protected":false},"excerpt":{"rendered":"<p>Diese eleganten, handgefertigten Shorts aus hochwertiger Baumwolle, gef\u00fcttert mit reiner Seide f\u00fcr einen luxuri\u00f6sen Touch, werten Ihre Sommergarderobe auf. Ausgestattet mit H\u00fcfttaschen, die praktisch sind, ohne auf Stil zu verzichten, sind diese Shorts eine vielseitige Option, die Komfort und Raffinesse vereint. Perfekt f\u00fcr einen l\u00e4ssigen Chic sind diese Shorts ein Must-Have f\u00fcr die warme Jahreszeit.<\/p>\n","protected":false},"featured_media":2780,"template":"","meta":{"_seopress_robots_primary_cat":"","_seopress_titles_title":"","_seopress_titles_desc":"","_seopress_robots_index":""},"product_brand":[],"product_cat":[103,287],"product_tag":[],"class_list":{"0":"post-1817","1":"product","2":"type-product","3":"status-publish","4":"has-post-thumbnail","6":"product_cat-frau","7":"product_cat-hose","9":"first","10":"instock","11":"shipping-taxable","12":"purchasable","13":"product-type-simple"},"jetpack_sharing_enabled":true,"_links":{"self":[{"href":"https:\/\/minacore.ch\/de\/wp-json\/wp\/v2\/product\/1817","targetHints":{"allow":["GET"]}}],"collection":[{"href":"https:\/\/minacore.ch\/de\/wp-json\/wp\/v2\/product"}],"about":[{"href":"https:\/\/minacore.ch\/de\/wp-json\/wp\/v2\/types\/product"}],"wp:featuredmedia":[{"embeddable":true,"href":"https:\/\/minacore.ch\/de\/wp-json\/wp\/v2\/media\/2780"}],"wp:attachment":[{"href":"https:\/\/minacore.ch\/de\/wp-json\/wp\/v2\/media?parent=1817"}],"wp:term":[{"taxonomy":"product_brand","embeddable":true,"href":"https:\/\/minacore.ch\/de\/wp-json\/wp\/v2\/product_brand?post=1817"},{"taxonomy":"product_cat","embeddable":true,"href":"https:\/\/minacore.ch\/de\/wp-json\/wp\/v2\/product_cat?post=1817"},{"taxonomy":"product_tag","embeddable":true,"href":"https:\/\/minacore.ch\/de\/wp-json\/wp\/v2\/product_tag?post=1817"}],"curies":[{"name":"wp","href":"https:\/\/api.w.org\/{rel}","templated":true}]}}