{"id":1793,"date":"2024-04-08T13:45:05","date_gmt":"2024-04-08T11:45:05","guid":{"rendered":"https:\/\/minacore.ch\/prodotto\/upcycle-hosen\/"},"modified":"2024-04-09T20:08:37","modified_gmt":"2024-04-09T18:08:37","slug":"upcycle-hosen","status":"publish","type":"product","link":"https:\/\/minacore.ch\/de\/prodotto\/upcycle-hosen\/","title":{"rendered":"UpCycle &#8211; Hose 4 Taschen"},"content":{"rendered":"","protected":false},"excerpt":{"rendered":"<p>Mit dieser einzigartigen Hose, die aus Stoffresten einer Jacke und eines T-Shirts handgefertigt wurde, k\u00f6nnen Sie Ihren Stil aufwerten. Jedes St\u00fcck ist ein Unikat und spiegelt die Kunst des Upcyclings und das Engagement f\u00fcr Nachhaltigkeit wider. Mit einem originellen Design und einer Geschichte, die es zu erz\u00e4hlen gilt, gibt Ihnen diese Hose nicht nur ein modisches Gef\u00fchl, sondern auch ein Bewusstsein f\u00fcr die Bedeutung von Recycling und Abfallvermeidung.<\/p>\n","protected":false},"featured_media":2034,"template":"","meta":{"_seopress_robots_primary_cat":"","_seopress_titles_title":"","_seopress_titles_desc":"","_seopress_robots_index":""},"product_brand":[],"product_cat":[103,287],"product_tag":[],"class_list":{"0":"post-1793","1":"product","2":"type-product","3":"status-publish","4":"has-post-thumbnail","6":"product_cat-frau","7":"product_cat-hose","9":"first","10":"instock","11":"shipping-taxable","12":"purchasable","13":"product-type-simple"},"jetpack_sharing_enabled":true,"_links":{"self":[{"href":"https:\/\/minacore.ch\/de\/wp-json\/wp\/v2\/product\/1793","targetHints":{"allow":["GET"]}}],"collection":[{"href":"https:\/\/minacore.ch\/de\/wp-json\/wp\/v2\/product"}],"about":[{"href":"https:\/\/minacore.ch\/de\/wp-json\/wp\/v2\/types\/product"}],"wp:featuredmedia":[{"embeddable":true,"href":"https:\/\/minacore.ch\/de\/wp-json\/wp\/v2\/media\/2034"}],"wp:attachment":[{"href":"https:\/\/minacore.ch\/de\/wp-json\/wp\/v2\/media?parent=1793"}],"wp:term":[{"taxonomy":"product_brand","embeddable":true,"href":"https:\/\/minacore.ch\/de\/wp-json\/wp\/v2\/product_brand?post=1793"},{"taxonomy":"product_cat","embeddable":true,"href":"https:\/\/minacore.ch\/de\/wp-json\/wp\/v2\/product_cat?post=1793"},{"taxonomy":"product_tag","embeddable":true,"href":"https:\/\/minacore.ch\/de\/wp-json\/wp\/v2\/product_tag?post=1793"}],"curies":[{"name":"wp","href":"https:\/\/api.w.org\/{rel}","templated":true}]}}