{"id":1780,"date":"2024-04-08T13:41:28","date_gmt":"2024-04-08T11:41:28","guid":{"rendered":"https:\/\/minacore.ch\/prodotto\/tonda-tasche-s\/"},"modified":"2024-04-09T20:33:17","modified_gmt":"2024-04-09T18:33:17","slug":"tonda-tasche-s","status":"publish","type":"product","link":"https:\/\/minacore.ch\/de\/prodotto\/tonda-tasche-s\/","title":{"rendered":"TONDA-Tasche (S)"},"content":{"rendered":"","protected":false},"excerpt":{"rendered":"<p>Verleihen Sie Ihrem Look einen Hauch von moderner Eleganz mit dieser geh\u00e4kelten Reifentasche, die vollst\u00e4ndig aus recyceltem Garn handgefertigt ist. Ausgestattet mit einem praktischen Rei\u00dfverschluss mit einem harzverzierten Schieber, verbindet diese Tasche Funktionalit\u00e4t und Stil auf einzigartige Weise. Das Harzdekor verleiht der Tasche einen Hauch von Originalit\u00e4t und Pers\u00f6nlichkeit und macht sie zu einem unverwechselbaren Accessoire f\u00fcr jede Gelegenheit.<\/p>\n","protected":false},"featured_media":1772,"template":"","meta":{"_seopress_robots_primary_cat":"","_seopress_titles_title":"","_seopress_titles_desc":"","_seopress_robots_index":""},"product_brand":[],"product_cat":[327,164],"product_tag":[],"class_list":{"0":"post-1780","1":"product","2":"type-product","3":"status-publish","4":"has-post-thumbnail","6":"product_cat-taschen","7":"product_cat-zubehor","9":"first","10":"instock","11":"shipping-taxable","12":"purchasable","13":"product-type-simple"},"jetpack_sharing_enabled":true,"_links":{"self":[{"href":"https:\/\/minacore.ch\/de\/wp-json\/wp\/v2\/product\/1780","targetHints":{"allow":["GET"]}}],"collection":[{"href":"https:\/\/minacore.ch\/de\/wp-json\/wp\/v2\/product"}],"about":[{"href":"https:\/\/minacore.ch\/de\/wp-json\/wp\/v2\/types\/product"}],"wp:featuredmedia":[{"embeddable":true,"href":"https:\/\/minacore.ch\/de\/wp-json\/wp\/v2\/media\/1772"}],"wp:attachment":[{"href":"https:\/\/minacore.ch\/de\/wp-json\/wp\/v2\/media?parent=1780"}],"wp:term":[{"taxonomy":"product_brand","embeddable":true,"href":"https:\/\/minacore.ch\/de\/wp-json\/wp\/v2\/product_brand?post=1780"},{"taxonomy":"product_cat","embeddable":true,"href":"https:\/\/minacore.ch\/de\/wp-json\/wp\/v2\/product_cat?post=1780"},{"taxonomy":"product_tag","embeddable":true,"href":"https:\/\/minacore.ch\/de\/wp-json\/wp\/v2\/product_tag?post=1780"}],"curies":[{"name":"wp","href":"https:\/\/api.w.org\/{rel}","templated":true}]}}