{"id":1768,"date":"2024-04-08T13:39:36","date_gmt":"2024-04-08T11:39:36","guid":{"rendered":"https:\/\/minacore.ch\/prodotto\/boho-tasche-2\/"},"modified":"2024-04-09T20:33:16","modified_gmt":"2024-04-09T18:33:16","slug":"boho-tasche-2","status":"publish","type":"product","link":"https:\/\/minacore.ch\/de\/prodotto\/boho-tasche-2\/","title":{"rendered":"Boho &#8211; Tasche"},"content":{"rendered":"","protected":false},"excerpt":{"rendered":"<p>Verleihen Sie Ihrem Outfit einen Hauch von Anmut und Farbe mit dieser dunkelblauen H\u00e4keltasche, die mit viel Liebe aus recyceltem Garn hergestellt wurde. Diese Tasche ist mit Granny Squares versehen, die ein auff\u00e4lliges Muster ergeben. In der Mitte ist eine geh\u00e4kelte Rose appliziert, die ihr einen zarten und femininen Touch verleiht. Jeder Stich erz\u00e4hlt eine Geschichte von Nachhaltigkeit und Kreativit\u00e4t und macht diese Tasche nicht nur zu einem modischen Accessoire, sondern auch zu einem Statement f\u00fcr Stil und Engagement f\u00fcr die Umwelt.<\/p>\n","protected":false},"featured_media":1760,"template":"","meta":{"_seopress_robots_primary_cat":"","_seopress_titles_title":"","_seopress_titles_desc":"","_seopress_robots_index":""},"product_brand":[],"product_cat":[327,164],"product_tag":[],"class_list":{"0":"post-1768","1":"product","2":"type-product","3":"status-publish","4":"has-post-thumbnail","6":"product_cat-taschen","7":"product_cat-zubehor","9":"first","10":"instock","11":"shipping-taxable","12":"purchasable","13":"product-type-simple"},"jetpack_sharing_enabled":true,"_links":{"self":[{"href":"https:\/\/minacore.ch\/de\/wp-json\/wp\/v2\/product\/1768","targetHints":{"allow":["GET"]}}],"collection":[{"href":"https:\/\/minacore.ch\/de\/wp-json\/wp\/v2\/product"}],"about":[{"href":"https:\/\/minacore.ch\/de\/wp-json\/wp\/v2\/types\/product"}],"wp:featuredmedia":[{"embeddable":true,"href":"https:\/\/minacore.ch\/de\/wp-json\/wp\/v2\/media\/1760"}],"wp:attachment":[{"href":"https:\/\/minacore.ch\/de\/wp-json\/wp\/v2\/media?parent=1768"}],"wp:term":[{"taxonomy":"product_brand","embeddable":true,"href":"https:\/\/minacore.ch\/de\/wp-json\/wp\/v2\/product_brand?post=1768"},{"taxonomy":"product_cat","embeddable":true,"href":"https:\/\/minacore.ch\/de\/wp-json\/wp\/v2\/product_cat?post=1768"},{"taxonomy":"product_tag","embeddable":true,"href":"https:\/\/minacore.ch\/de\/wp-json\/wp\/v2\/product_tag?post=1768"}],"curies":[{"name":"wp","href":"https:\/\/api.w.org\/{rel}","templated":true}]}}