{"id":1736,"date":"2024-04-08T13:34:06","date_gmt":"2024-04-08T11:34:06","guid":{"rendered":"https:\/\/minacore.ch\/prodotto\/schultergurt-fuer-mobiltelefon\/"},"modified":"2024-04-09T20:19:43","modified_gmt":"2024-04-09T18:19:43","slug":"schultergurt-fuer-mobiltelefon","status":"publish","type":"product","link":"https:\/\/minacore.ch\/de\/prodotto\/schultergurt-fuer-mobiltelefon\/","title":{"rendered":"Schultergurt f\u00fcr Mobiltelefon"},"content":{"rendered":"","protected":false},"excerpt":{"rendered":"<p>Erh\u00f6hen Sie Ihren umweltfreundlichen Stil mit dieser geh\u00e4kelten Handy-Umh\u00e4ngetasche, die aus recycelten Garnen handgefertigt wurde. Perfekt, um Ihr Handy immer griffbereit zu haben. Die Klappe wird mit einem Magnetknopf geschlossen und bietet so zus\u00e4tzliche Sicherheit. Jeder Stich ist ein Unikat, das Ihr Engagement f\u00fcr Nachhaltigkeit und Ihre Wertsch\u00e4tzung f\u00fcr handwerkliches K\u00f6nnen widerspiegelt.<\/p>\n","protected":false},"featured_media":1732,"template":"","meta":{"_seopress_robots_primary_cat":"","_seopress_titles_title":"","_seopress_titles_desc":"","_seopress_robots_index":""},"product_brand":[],"product_cat":[327,164],"product_tag":[],"class_list":{"0":"post-1736","1":"product","2":"type-product","3":"status-publish","4":"has-post-thumbnail","6":"product_cat-taschen","7":"product_cat-zubehor","9":"first","10":"outofstock","11":"shipping-taxable","12":"purchasable","13":"product-type-simple"},"jetpack_sharing_enabled":true,"_links":{"self":[{"href":"https:\/\/minacore.ch\/de\/wp-json\/wp\/v2\/product\/1736","targetHints":{"allow":["GET"]}}],"collection":[{"href":"https:\/\/minacore.ch\/de\/wp-json\/wp\/v2\/product"}],"about":[{"href":"https:\/\/minacore.ch\/de\/wp-json\/wp\/v2\/types\/product"}],"wp:featuredmedia":[{"embeddable":true,"href":"https:\/\/minacore.ch\/de\/wp-json\/wp\/v2\/media\/1732"}],"wp:attachment":[{"href":"https:\/\/minacore.ch\/de\/wp-json\/wp\/v2\/media?parent=1736"}],"wp:term":[{"taxonomy":"product_brand","embeddable":true,"href":"https:\/\/minacore.ch\/de\/wp-json\/wp\/v2\/product_brand?post=1736"},{"taxonomy":"product_cat","embeddable":true,"href":"https:\/\/minacore.ch\/de\/wp-json\/wp\/v2\/product_cat?post=1736"},{"taxonomy":"product_tag","embeddable":true,"href":"https:\/\/minacore.ch\/de\/wp-json\/wp\/v2\/product_tag?post=1736"}],"curies":[{"name":"wp","href":"https:\/\/api.w.org\/{rel}","templated":true}]}}