{"id":1720,"date":"2024-04-08T13:26:25","date_gmt":"2024-04-08T11:26:25","guid":{"rendered":"https:\/\/minacore.ch\/prodotto\/boho-tasche\/"},"modified":"2024-04-09T20:19:46","modified_gmt":"2024-04-09T18:19:46","slug":"boho-tasche","status":"publish","type":"product","link":"https:\/\/minacore.ch\/de\/prodotto\/boho-tasche\/","title":{"rendered":"Boho &#8211; Tasche"},"content":{"rendered":"","protected":false},"excerpt":{"rendered":"<p>Entdecken Sie den Boh\u00e8me-Stil mit dieser handgefertigten H\u00e4keltasche, die liebevoll aus recycelten Garnen hergestellt wurde. Die kurzen Griffe sind mit dekorativen Fransen verziert, die einen Hauch von Charme und Originalit\u00e4t verleihen. Jeder Faden erz\u00e4hlt eine Geschichte und macht diese Tasche nicht nur zu einer modischen Erg\u00e4nzung Ihres Outfits, sondern auch zu einem Statement f\u00fcr Nachhaltigkeit und Kreativit\u00e4t.<\/p>\n","protected":false},"featured_media":1716,"template":"","meta":{"_seopress_robots_primary_cat":"","_seopress_titles_title":"","_seopress_titles_desc":"","_seopress_robots_index":""},"product_brand":[],"product_cat":[327,164],"product_tag":[],"class_list":{"0":"post-1720","1":"product","2":"type-product","3":"status-publish","4":"has-post-thumbnail","6":"product_cat-taschen","7":"product_cat-zubehor","9":"first","10":"outofstock","11":"shipping-taxable","12":"purchasable","13":"product-type-simple"},"jetpack_sharing_enabled":true,"_links":{"self":[{"href":"https:\/\/minacore.ch\/de\/wp-json\/wp\/v2\/product\/1720","targetHints":{"allow":["GET"]}}],"collection":[{"href":"https:\/\/minacore.ch\/de\/wp-json\/wp\/v2\/product"}],"about":[{"href":"https:\/\/minacore.ch\/de\/wp-json\/wp\/v2\/types\/product"}],"wp:featuredmedia":[{"embeddable":true,"href":"https:\/\/minacore.ch\/de\/wp-json\/wp\/v2\/media\/1716"}],"wp:attachment":[{"href":"https:\/\/minacore.ch\/de\/wp-json\/wp\/v2\/media?parent=1720"}],"wp:term":[{"taxonomy":"product_brand","embeddable":true,"href":"https:\/\/minacore.ch\/de\/wp-json\/wp\/v2\/product_brand?post=1720"},{"taxonomy":"product_cat","embeddable":true,"href":"https:\/\/minacore.ch\/de\/wp-json\/wp\/v2\/product_cat?post=1720"},{"taxonomy":"product_tag","embeddable":true,"href":"https:\/\/minacore.ch\/de\/wp-json\/wp\/v2\/product_tag?post=1720"}],"curies":[{"name":"wp","href":"https:\/\/api.w.org\/{rel}","templated":true}]}}