{"id":1708,"date":"2024-04-06T17:07:10","date_gmt":"2024-04-06T15:07:10","guid":{"rendered":"https:\/\/minacore.ch\/prodotto\/teezeit-t-shirt\/"},"modified":"2024-05-10T17:18:32","modified_gmt":"2024-05-10T15:18:32","slug":"teezeit-t-shirt","status":"publish","type":"product","link":"https:\/\/minacore.ch\/de\/prodotto\/teezeit-t-shirt\/","title":{"rendered":"Teezeit &#8211; T-Shirt"},"content":{"rendered":"","protected":false},"excerpt":{"rendered":"<p>M\u00fchelose Eleganz! Dieses T-Shirt aus reiner Seide bringt einen Hauch von Luxus und Raffinesse in Ihre Garderobe. Der geraffte Saum und die Ballon\u00e4rmel sorgen f\u00fcr ein feminines und schickes Detail. Dieses T-Shirt eignet sich perfekt f\u00fcr einen raffinierten Fr\u00fchlingslook und ist eine vielseitige Option f\u00fcr jede Gelegenheit, von einem Tag im B\u00fcro bis zu einem Aperitif mit Freunden.<\/p>\n","protected":false},"featured_media":2764,"template":"","meta":{"_seopress_robots_primary_cat":"","_seopress_titles_title":"","_seopress_titles_desc":"","_seopress_robots_index":""},"product_brand":[],"product_cat":[103,297],"product_tag":[],"class_list":{"0":"post-1708","1":"product","2":"type-product","3":"status-publish","4":"has-post-thumbnail","6":"product_cat-frau","7":"product_cat-top-de","9":"first","10":"outofstock","11":"shipping-taxable","12":"purchasable","13":"product-type-simple"},"jetpack_sharing_enabled":true,"_links":{"self":[{"href":"https:\/\/minacore.ch\/de\/wp-json\/wp\/v2\/product\/1708","targetHints":{"allow":["GET"]}}],"collection":[{"href":"https:\/\/minacore.ch\/de\/wp-json\/wp\/v2\/product"}],"about":[{"href":"https:\/\/minacore.ch\/de\/wp-json\/wp\/v2\/types\/product"}],"wp:featuredmedia":[{"embeddable":true,"href":"https:\/\/minacore.ch\/de\/wp-json\/wp\/v2\/media\/2764"}],"wp:attachment":[{"href":"https:\/\/minacore.ch\/de\/wp-json\/wp\/v2\/media?parent=1708"}],"wp:term":[{"taxonomy":"product_brand","embeddable":true,"href":"https:\/\/minacore.ch\/de\/wp-json\/wp\/v2\/product_brand?post=1708"},{"taxonomy":"product_cat","embeddable":true,"href":"https:\/\/minacore.ch\/de\/wp-json\/wp\/v2\/product_cat?post=1708"},{"taxonomy":"product_tag","embeddable":true,"href":"https:\/\/minacore.ch\/de\/wp-json\/wp\/v2\/product_tag?post=1708"}],"curies":[{"name":"wp","href":"https:\/\/api.w.org\/{rel}","templated":true}]}}