{"id":1692,"date":"2024-04-06T17:05:21","date_gmt":"2024-04-06T15:05:21","guid":{"rendered":"https:\/\/minacore.ch\/prodotto\/tea-time-blazer\/"},"modified":"2024-04-09T20:09:26","modified_gmt":"2024-04-09T18:09:26","slug":"tea-time-blazer","status":"publish","type":"product","link":"https:\/\/minacore.ch\/de\/prodotto\/tea-time-blazer\/","title":{"rendered":"Tea Time &#8211; Blazer"},"content":{"rendered":"","protected":false},"excerpt":{"rendered":"<p>Ein Hauch von fr\u00fchlingshafter Eleganz! Dieser Blazer aus der Serie &#8222;Tea Time&#8220; zeigt ein lebhaftes Blumenmuster auf leichter Baumwolle. Die Seiden\u00e4rmel verleihen dem Kleidungsst\u00fcck einen Hauch von Raffinesse, perfekt f\u00fcr einen frischen und eleganten Look. Ideal f\u00fcr k\u00fchlere Fr\u00fchlingstage oder als Erg\u00e4nzung zu Ihrer eleganten Freizeitkleidung.<\/p>\n","protected":false},"featured_media":2784,"template":"","meta":{"_seopress_robots_primary_cat":"","_seopress_titles_title":"","_seopress_titles_desc":"","_seopress_robots_index":""},"product_brand":[],"product_cat":[103,318,297],"product_tag":[],"class_list":{"0":"post-1692","1":"product","2":"type-product","3":"status-publish","4":"has-post-thumbnail","6":"product_cat-frau","7":"product_cat-jacken","8":"product_cat-top-de","10":"first","11":"instock","12":"shipping-taxable","13":"purchasable","14":"product-type-simple"},"jetpack_sharing_enabled":true,"_links":{"self":[{"href":"https:\/\/minacore.ch\/de\/wp-json\/wp\/v2\/product\/1692","targetHints":{"allow":["GET"]}}],"collection":[{"href":"https:\/\/minacore.ch\/de\/wp-json\/wp\/v2\/product"}],"about":[{"href":"https:\/\/minacore.ch\/de\/wp-json\/wp\/v2\/types\/product"}],"wp:featuredmedia":[{"embeddable":true,"href":"https:\/\/minacore.ch\/de\/wp-json\/wp\/v2\/media\/2784"}],"wp:attachment":[{"href":"https:\/\/minacore.ch\/de\/wp-json\/wp\/v2\/media?parent=1692"}],"wp:term":[{"taxonomy":"product_brand","embeddable":true,"href":"https:\/\/minacore.ch\/de\/wp-json\/wp\/v2\/product_brand?post=1692"},{"taxonomy":"product_cat","embeddable":true,"href":"https:\/\/minacore.ch\/de\/wp-json\/wp\/v2\/product_cat?post=1692"},{"taxonomy":"product_tag","embeddable":true,"href":"https:\/\/minacore.ch\/de\/wp-json\/wp\/v2\/product_tag?post=1692"}],"curies":[{"name":"wp","href":"https:\/\/api.w.org\/{rel}","templated":true}]}}