{"id":1660,"date":"2024-04-06T17:01:37","date_gmt":"2024-04-06T15:01:37","guid":{"rendered":"https:\/\/minacore.ch\/prodotto\/teezeit-oben\/"},"modified":"2024-05-10T16:28:25","modified_gmt":"2024-05-10T14:28:25","slug":"teezeit-oben","status":"publish","type":"product","link":"https:\/\/minacore.ch\/de\/prodotto\/teezeit-oben\/","title":{"rendered":"Teezeit &#8211; oben"},"content":{"rendered":"","protected":false},"excerpt":{"rendered":"<p>F\u00fcr einen frischen und raffinierten Look! Dieses Oberteil aus der Serie &#8218;Tea Time&#8216; ist mit Sorgfalt und Liebe zum Detail handgefertigt. Die t\u00fcrkisfarbene Baumwolle verleiht ihm einen lebendigen, fr\u00fchlingshaften Touch, w\u00e4hrend die Details aus reiner Seide ihm eine zarte Eleganz verleihen. Der elastische Bund sorgt f\u00fcr eine bequeme und anpassungsf\u00e4hige Passform. Dieses Oberteil eignet sich perfekt, um vielseitige und feminine Outfits zu kreieren, die f\u00fcr jeden Anlass geeignet sind, von ganz l\u00e4ssig bis schick.<\/p>\n","protected":false},"featured_media":2708,"template":"","meta":{"_seopress_robots_primary_cat":"","_seopress_titles_title":"","_seopress_titles_desc":"","_seopress_robots_index":""},"product_brand":[],"product_cat":[103,297],"product_tag":[],"class_list":{"0":"post-1660","1":"product","2":"type-product","3":"status-publish","4":"has-post-thumbnail","6":"product_cat-frau","7":"product_cat-top-de","9":"first","10":"instock","11":"sale","12":"shipping-taxable","13":"purchasable","14":"product-type-simple"},"jetpack_sharing_enabled":true,"_links":{"self":[{"href":"https:\/\/minacore.ch\/de\/wp-json\/wp\/v2\/product\/1660","targetHints":{"allow":["GET"]}}],"collection":[{"href":"https:\/\/minacore.ch\/de\/wp-json\/wp\/v2\/product"}],"about":[{"href":"https:\/\/minacore.ch\/de\/wp-json\/wp\/v2\/types\/product"}],"wp:featuredmedia":[{"embeddable":true,"href":"https:\/\/minacore.ch\/de\/wp-json\/wp\/v2\/media\/2708"}],"wp:attachment":[{"href":"https:\/\/minacore.ch\/de\/wp-json\/wp\/v2\/media?parent=1660"}],"wp:term":[{"taxonomy":"product_brand","embeddable":true,"href":"https:\/\/minacore.ch\/de\/wp-json\/wp\/v2\/product_brand?post=1660"},{"taxonomy":"product_cat","embeddable":true,"href":"https:\/\/minacore.ch\/de\/wp-json\/wp\/v2\/product_cat?post=1660"},{"taxonomy":"product_tag","embeddable":true,"href":"https:\/\/minacore.ch\/de\/wp-json\/wp\/v2\/product_tag?post=1660"}],"curies":[{"name":"wp","href":"https:\/\/api.w.org\/{rel}","templated":true}]}}