{"id":1644,"date":"2024-04-06T16:59:49","date_gmt":"2024-04-06T14:59:49","guid":{"rendered":"https:\/\/minacore.ch\/prodotto\/tea-time-rock\/"},"modified":"2024-05-10T16:29:12","modified_gmt":"2024-05-10T14:29:12","slug":"tea-time-rock","status":"publish","type":"product","link":"https:\/\/minacore.ch\/de\/prodotto\/tea-time-rock\/","title":{"rendered":"Tea Time &#8211; Rock"},"content":{"rendered":"","protected":false},"excerpt":{"rendered":"<p>Perfekt f\u00fcr eine leichte und schicke Atmosph\u00e4re! Dieser volle Rock aus der Serie &#8218;Tea Time&#8216; wurde mit viel Liebe und Sorgfalt handgefertigt. Die t\u00fcrkisfarbene Baumwolle sorgt f\u00fcr einen frischen und lebendigen Touch, w\u00e4hrend der Saum aus reiner Seide f\u00fcr subtile Eleganz sorgt. Mit einem elastischen Bund f\u00fcr eine bequeme und anpassungsf\u00e4hige Passform ist es die ideale Wahl f\u00fcr einen femininen und raffinierten Look, perfekt f\u00fcr besondere Anl\u00e4sse oder einen legeren Ausgehabend.<\/p>\n","protected":false},"featured_media":2716,"template":"","meta":{"_seopress_robots_primary_cat":"","_seopress_titles_title":"","_seopress_titles_desc":"","_seopress_robots_index":""},"product_brand":[],"product_cat":[103,287],"product_tag":[],"class_list":{"0":"post-1644","1":"product","2":"type-product","3":"status-publish","4":"has-post-thumbnail","6":"product_cat-frau","7":"product_cat-hose","9":"first","10":"outofstock","11":"shipping-taxable","12":"purchasable","13":"product-type-simple"},"jetpack_sharing_enabled":true,"_links":{"self":[{"href":"https:\/\/minacore.ch\/de\/wp-json\/wp\/v2\/product\/1644","targetHints":{"allow":["GET"]}}],"collection":[{"href":"https:\/\/minacore.ch\/de\/wp-json\/wp\/v2\/product"}],"about":[{"href":"https:\/\/minacore.ch\/de\/wp-json\/wp\/v2\/types\/product"}],"wp:featuredmedia":[{"embeddable":true,"href":"https:\/\/minacore.ch\/de\/wp-json\/wp\/v2\/media\/2716"}],"wp:attachment":[{"href":"https:\/\/minacore.ch\/de\/wp-json\/wp\/v2\/media?parent=1644"}],"wp:term":[{"taxonomy":"product_brand","embeddable":true,"href":"https:\/\/minacore.ch\/de\/wp-json\/wp\/v2\/product_brand?post=1644"},{"taxonomy":"product_cat","embeddable":true,"href":"https:\/\/minacore.ch\/de\/wp-json\/wp\/v2\/product_cat?post=1644"},{"taxonomy":"product_tag","embeddable":true,"href":"https:\/\/minacore.ch\/de\/wp-json\/wp\/v2\/product_tag?post=1644"}],"curies":[{"name":"wp","href":"https:\/\/api.w.org\/{rel}","templated":true}]}}