{"id":1623,"date":"2024-04-06T16:04:03","date_gmt":"2024-04-06T14:04:03","guid":{"rendered":"https:\/\/minacore.ch\/prodotto\/bralette-sanfte-morgendaemmerung\/"},"modified":"2024-04-09T20:19:45","modified_gmt":"2024-04-09T18:19:45","slug":"bralette-sanfte-morgendaemmerung","status":"publish","type":"product","link":"https:\/\/minacore.ch\/de\/prodotto\/bralette-sanfte-morgendaemmerung\/","title":{"rendered":"Bralette &#8211; Sanfte Morgend\u00e4mmerung"},"content":{"rendered":"","protected":false},"excerpt":{"rendered":"<p>Ein unverzichtbares Kleidungsst\u00fcck f\u00fcr Ihre Saison! Dieser aus recycelten Garnen handgefertigte Bralette bietet einen einzigartigen und nachhaltigen Stil. Perfekt f\u00fcr die Fr\u00fchlings- und Sommertage, verleiht die H\u00e4kelarbeit Ihrem Look einen Hauch von Eleganz und Originalit\u00e4t. Dieses bequeme und leichte Bralette ist umweltfreundlich und schick und eine vielseitige Erg\u00e4nzung Ihrer Sommergarderobe.<\/p>\n","protected":false},"featured_media":1615,"template":"","meta":{"_seopress_robots_primary_cat":"","_seopress_titles_title":"","_seopress_titles_desc":"","_seopress_robots_index":""},"product_brand":[],"product_cat":[103,297],"product_tag":[],"class_list":{"0":"post-1623","1":"product","2":"type-product","3":"status-publish","4":"has-post-thumbnail","6":"product_cat-frau","7":"product_cat-top-de","9":"first","10":"instock","11":"shipping-taxable","12":"purchasable","13":"product-type-simple"},"jetpack_sharing_enabled":true,"_links":{"self":[{"href":"https:\/\/minacore.ch\/de\/wp-json\/wp\/v2\/product\/1623","targetHints":{"allow":["GET"]}}],"collection":[{"href":"https:\/\/minacore.ch\/de\/wp-json\/wp\/v2\/product"}],"about":[{"href":"https:\/\/minacore.ch\/de\/wp-json\/wp\/v2\/types\/product"}],"wp:featuredmedia":[{"embeddable":true,"href":"https:\/\/minacore.ch\/de\/wp-json\/wp\/v2\/media\/1615"}],"wp:attachment":[{"href":"https:\/\/minacore.ch\/de\/wp-json\/wp\/v2\/media?parent=1623"}],"wp:term":[{"taxonomy":"product_brand","embeddable":true,"href":"https:\/\/minacore.ch\/de\/wp-json\/wp\/v2\/product_brand?post=1623"},{"taxonomy":"product_cat","embeddable":true,"href":"https:\/\/minacore.ch\/de\/wp-json\/wp\/v2\/product_cat?post=1623"},{"taxonomy":"product_tag","embeddable":true,"href":"https:\/\/minacore.ch\/de\/wp-json\/wp\/v2\/product_tag?post=1623"}],"curies":[{"name":"wp","href":"https:\/\/api.w.org\/{rel}","templated":true}]}}