{"id":1591,"date":"2024-04-06T16:00:23","date_gmt":"2024-04-06T14:00:23","guid":{"rendered":"https:\/\/minacore.ch\/prodotto\/faerie-garden-tank-top\/"},"modified":"2024-04-23T09:53:53","modified_gmt":"2024-04-23T07:53:53","slug":"faerie-garden-tank-top","status":"publish","type":"product","link":"https:\/\/minacore.ch\/de\/prodotto\/faerie-garden-tank-top\/","title":{"rendered":"Fee &#8211; Tank-Top"},"content":{"rendered":"","protected":false},"excerpt":{"rendered":"<p>Ein unverzichtbares Kleidungsst\u00fcck f\u00fcr Ihre Saison! Dieses aus recycelten Garnen handgefertigte Tank-Top bietet einen einzigartigen und nachhaltigen Stil. Perfekt f\u00fcr die Fr\u00fchlings- und Sommertage, verleiht die H\u00e4kelarbeit Ihrem Look einen Hauch von Eleganz und Originalit\u00e4t. Dieses bequeme und leichte, schicke und umweltfreundliche Tank-Top ist eine vielseitige Erg\u00e4nzung Ihrer Sommergarderobe.<\/p>\n","protected":false},"featured_media":1583,"template":"","meta":{"_seopress_robots_primary_cat":"none","_seopress_titles_title":"\u00d6kologisches geh\u00e4keltes Tank Top: Nachhaltiger Sommerstil","_seopress_titles_desc":"Entdecken Sie die Vielseitigkeit unseres handgefertigten Tanktops, das aus recycelten Garnen hergestellt wird und einen nachhaltigen und einzigartigen Stil bietet. Geh\u00e4kelt, verleiht es Ihrer Sommergarderobe einen Hauch von Eleganz und Originalit\u00e4t. Leicht und bequem, ideal f\u00fcr Fr\u00fchlings- und Sommertage. Kaufen Sie jetzt und verleihen Sie Ihrem Look einen Hauch von \u00d6ko-Chic!","_seopress_robots_index":""},"product_brand":[],"product_cat":[103,297],"product_tag":[],"class_list":{"0":"post-1591","1":"product","2":"type-product","3":"status-publish","4":"has-post-thumbnail","6":"product_cat-frau","7":"product_cat-top-de","9":"first","10":"instock","11":"shipping-taxable","12":"purchasable","13":"product-type-simple"},"jetpack_sharing_enabled":true,"_links":{"self":[{"href":"https:\/\/minacore.ch\/de\/wp-json\/wp\/v2\/product\/1591","targetHints":{"allow":["GET"]}}],"collection":[{"href":"https:\/\/minacore.ch\/de\/wp-json\/wp\/v2\/product"}],"about":[{"href":"https:\/\/minacore.ch\/de\/wp-json\/wp\/v2\/types\/product"}],"wp:featuredmedia":[{"embeddable":true,"href":"https:\/\/minacore.ch\/de\/wp-json\/wp\/v2\/media\/1583"}],"wp:attachment":[{"href":"https:\/\/minacore.ch\/de\/wp-json\/wp\/v2\/media?parent=1591"}],"wp:term":[{"taxonomy":"product_brand","embeddable":true,"href":"https:\/\/minacore.ch\/de\/wp-json\/wp\/v2\/product_brand?post=1591"},{"taxonomy":"product_cat","embeddable":true,"href":"https:\/\/minacore.ch\/de\/wp-json\/wp\/v2\/product_cat?post=1591"},{"taxonomy":"product_tag","embeddable":true,"href":"https:\/\/minacore.ch\/de\/wp-json\/wp\/v2\/product_tag?post=1591"}],"curies":[{"name":"wp","href":"https:\/\/api.w.org\/{rel}","templated":true}]}}