{"id":1496,"date":"2024-04-06T14:28:03","date_gmt":"2024-04-06T12:28:03","guid":{"rendered":"https:\/\/minacore.ch\/prodotto\/shorts-fuer-jungen\/"},"modified":"2024-04-10T09:30:25","modified_gmt":"2024-04-10T07:30:25","slug":"shorts-fuer-jungen","status":"publish","type":"product","link":"https:\/\/minacore.ch\/de\/prodotto\/shorts-fuer-jungen\/","title":{"rendered":"EcoBimbo Shorts"},"content":{"rendered":"","protected":false},"excerpt":{"rendered":"<p>F\u00fcr einen s\u00fc\u00dfen und frischen Look! Sie ist sorgf\u00e4ltig verarbeitet und verf\u00fcgt \u00fcber einen verstellbaren Kordelzug in der Taille. Ideal f\u00fcr besondere Sommertage oder l\u00e4ssigen Schick. Raffinierter Stil und Komfort in einem Kleidungsst\u00fcck.<\/p>\n","protected":false},"featured_media":1484,"template":"","meta":{"_seopress_robots_primary_cat":"","_seopress_titles_title":"","_seopress_titles_desc":"","_seopress_robots_index":""},"product_brand":[],"product_cat":[269],"product_tag":[],"class_list":{"0":"post-1496","1":"product","2":"type-product","3":"status-publish","4":"has-post-thumbnail","6":"product_cat-kind","8":"first","9":"instock","10":"shipping-taxable","11":"purchasable","12":"product-type-simple"},"jetpack_sharing_enabled":true,"_links":{"self":[{"href":"https:\/\/minacore.ch\/de\/wp-json\/wp\/v2\/product\/1496","targetHints":{"allow":["GET"]}}],"collection":[{"href":"https:\/\/minacore.ch\/de\/wp-json\/wp\/v2\/product"}],"about":[{"href":"https:\/\/minacore.ch\/de\/wp-json\/wp\/v2\/types\/product"}],"wp:featuredmedia":[{"embeddable":true,"href":"https:\/\/minacore.ch\/de\/wp-json\/wp\/v2\/media\/1484"}],"wp:attachment":[{"href":"https:\/\/minacore.ch\/de\/wp-json\/wp\/v2\/media?parent=1496"}],"wp:term":[{"taxonomy":"product_brand","embeddable":true,"href":"https:\/\/minacore.ch\/de\/wp-json\/wp\/v2\/product_brand?post=1496"},{"taxonomy":"product_cat","embeddable":true,"href":"https:\/\/minacore.ch\/de\/wp-json\/wp\/v2\/product_cat?post=1496"},{"taxonomy":"product_tag","embeddable":true,"href":"https:\/\/minacore.ch\/de\/wp-json\/wp\/v2\/product_tag?post=1496"}],"curies":[{"name":"wp","href":"https:\/\/api.w.org\/{rel}","templated":true}]}}