{"id":1476,"date":"2024-04-06T14:25:28","date_gmt":"2024-04-06T12:25:28","guid":{"rendered":"https:\/\/minacore.ch\/prodotto\/baby-latzhosen\/"},"modified":"2024-04-10T09:30:01","modified_gmt":"2024-04-10T07:30:01","slug":"baby-latzhosen","status":"publish","type":"product","link":"https:\/\/minacore.ch\/de\/prodotto\/baby-latzhosen\/","title":{"rendered":"EcoBimbo-Overall"},"content":{"rendered":"","protected":false},"excerpt":{"rendered":"<p>Baby-Latzhose (3-6 Monate) Hellgr\u00fcn Baumwolle und Leinen<\/p>\n<p>F\u00fcr die kleinen Sommer-Entdecker! \u00c4rmellose Latzhose aus weicher Baumwolle. Cooles Design mit verstellbaren Schulterriemen. Ideal f\u00fcr Spiele im Freien und Spazierg\u00e4nge mit der Familie. Vielseitiger und praktischer Stil f\u00fcr einen schicken Sommerlook.<\/p>\n","protected":false},"featured_media":1468,"template":"","meta":{"_seopress_robots_primary_cat":"","_seopress_titles_title":"","_seopress_titles_desc":"","_seopress_robots_index":""},"product_brand":[],"product_cat":[269],"product_tag":[],"class_list":{"0":"post-1476","1":"product","2":"type-product","3":"status-publish","4":"has-post-thumbnail","6":"product_cat-kind","8":"first","9":"outofstock","10":"shipping-taxable","11":"purchasable","12":"product-type-simple"},"jetpack_sharing_enabled":true,"_links":{"self":[{"href":"https:\/\/minacore.ch\/de\/wp-json\/wp\/v2\/product\/1476","targetHints":{"allow":["GET"]}}],"collection":[{"href":"https:\/\/minacore.ch\/de\/wp-json\/wp\/v2\/product"}],"about":[{"href":"https:\/\/minacore.ch\/de\/wp-json\/wp\/v2\/types\/product"}],"wp:featuredmedia":[{"embeddable":true,"href":"https:\/\/minacore.ch\/de\/wp-json\/wp\/v2\/media\/1468"}],"wp:attachment":[{"href":"https:\/\/minacore.ch\/de\/wp-json\/wp\/v2\/media?parent=1476"}],"wp:term":[{"taxonomy":"product_brand","embeddable":true,"href":"https:\/\/minacore.ch\/de\/wp-json\/wp\/v2\/product_brand?post=1476"},{"taxonomy":"product_cat","embeddable":true,"href":"https:\/\/minacore.ch\/de\/wp-json\/wp\/v2\/product_cat?post=1476"},{"taxonomy":"product_tag","embeddable":true,"href":"https:\/\/minacore.ch\/de\/wp-json\/wp\/v2\/product_tag?post=1476"}],"curies":[{"name":"wp","href":"https:\/\/api.w.org\/{rel}","templated":true}]}}