{"id":1423,"date":"2024-03-26T12:21:12","date_gmt":"2024-03-26T11:21:12","guid":{"rendered":"https:\/\/minacore.ch\/prodotto\/set-eleganz\/"},"modified":"2024-04-23T08:07:32","modified_gmt":"2024-04-23T06:07:32","slug":"set-eleganz","status":"publish","type":"product","link":"https:\/\/minacore.ch\/de\/prodotto\/set-eleganz\/","title":{"rendered":"Eleganz"},"content":{"rendered":"","protected":false},"excerpt":{"rendered":"<p>Das Set &#8222;Elegance&#8220; ist ein Ausdruck von Raffinesse und Anmut. Die transparenten Edelsteine fangen das Licht anmutig ein, w\u00e4hrend die goldenen Bl\u00e4tter einen Hauch von Eleganz und nat\u00fcrlicher Sch\u00f6nheit verleihen. Dieses mit viel Liebe zum Detail handgefertigte Set strahlt eine zarte Majest\u00e4t aus und ist perfekt f\u00fcr alle, die einen Hauch von Luxus und Raffinesse suchen.<\/p>\n","protected":false},"featured_media":1411,"template":"","meta":{"_seopress_robots_primary_cat":"none","_seopress_titles_title":"Elegance Set - Transparente Edelsteine und goldene Bl\u00e4tter","_seopress_titles_desc":"Fangen Sie Eleganz und Anmut mit dem Set 'Elegance' ein. Die transparenten Edelsteine gl\u00e4nzen anmutig und umarmen das Licht, w\u00e4hrend die goldenen Bl\u00e4tter einen Hauch von nat\u00fcrlicher Sch\u00f6nheit verleihen. Dieses handgefertigte Set, das mit viel Liebe zum Detail hergestellt wurde, strahlt eine Aura von zarter Majest\u00e4t aus. F\u00fcr einen Hauch von Luxus und Raffinesse w\u00e4hlen Sie 'Elegance'.","_seopress_robots_index":""},"product_brand":[],"product_cat":[341,266],"product_tag":[],"class_list":{"0":"post-1423","1":"product","2":"type-product","3":"status-publish","4":"has-post-thumbnail","6":"product_cat-satz","7":"product_cat-schmuck","9":"first","10":"instock","11":"shipping-taxable","12":"purchasable","13":"product-type-simple"},"jetpack_sharing_enabled":true,"_links":{"self":[{"href":"https:\/\/minacore.ch\/de\/wp-json\/wp\/v2\/product\/1423","targetHints":{"allow":["GET"]}}],"collection":[{"href":"https:\/\/minacore.ch\/de\/wp-json\/wp\/v2\/product"}],"about":[{"href":"https:\/\/minacore.ch\/de\/wp-json\/wp\/v2\/types\/product"}],"wp:featuredmedia":[{"embeddable":true,"href":"https:\/\/minacore.ch\/de\/wp-json\/wp\/v2\/media\/1411"}],"wp:attachment":[{"href":"https:\/\/minacore.ch\/de\/wp-json\/wp\/v2\/media?parent=1423"}],"wp:term":[{"taxonomy":"product_brand","embeddable":true,"href":"https:\/\/minacore.ch\/de\/wp-json\/wp\/v2\/product_brand?post=1423"},{"taxonomy":"product_cat","embeddable":true,"href":"https:\/\/minacore.ch\/de\/wp-json\/wp\/v2\/product_cat?post=1423"},{"taxonomy":"product_tag","embeddable":true,"href":"https:\/\/minacore.ch\/de\/wp-json\/wp\/v2\/product_tag?post=1423"}],"curies":[{"name":"wp","href":"https:\/\/api.w.org\/{rel}","templated":true}]}}