{"id":1407,"date":"2024-03-26T12:18:51","date_gmt":"2024-03-26T11:18:51","guid":{"rendered":"https:\/\/minacore.ch\/prodotto\/set-lilith\/"},"modified":"2024-04-23T13:35:01","modified_gmt":"2024-04-23T11:35:01","slug":"set-lilith","status":"publish","type":"product","link":"https:\/\/minacore.ch\/de\/prodotto\/set-lilith\/","title":{"rendered":"Lilith"},"content":{"rendered":"","protected":false},"excerpt":{"rendered":"<p>Das Lilith&#8220;-Set ist eine Verk\u00f6rperung k\u00fchner Eleganz. Die gl\u00e4nzenden roten Edelsteine fallen durch ihre Intensit\u00e4t ins Auge, w\u00e4hrend der geflochtene schwarze Draht einen Hauch von Geheimnis und Raffinesse verleiht. Dieses mit Sorgfalt und Leidenschaft handgefertigte Set strahlt eine Aura von Kraft und Charme aus und ist perfekt f\u00fcr alle, die sich stilvoll von anderen abheben m\u00f6chten.<\/p>\n","protected":false},"featured_media":1399,"template":"","meta":{"_seopress_robots_primary_cat":"none","_seopress_titles_title":"Lilith' Set: K\u00fchne Eleganz mit roten Edelsteinen und schwarzem Eisendraht","_seopress_titles_desc":"Fangen Sie k\u00fchne Eleganz ein mit dem 'Lilith' Set. Intensive rote Edelsteine leuchten neben dem geflochtenen schwarzen Draht und schaffen eine Kombination aus Geheimnis und Raffinesse. Dieses mit Sorgfalt und Leidenschaft gefertigte Set vermittelt eine Aura von Kraft und Charme f\u00fcr diejenigen, die sich stilvoll abheben m\u00f6chten.","_seopress_robots_index":""},"product_brand":[],"product_cat":[341,266],"product_tag":[],"class_list":{"0":"post-1407","1":"product","2":"type-product","3":"status-publish","4":"has-post-thumbnail","6":"product_cat-satz","7":"product_cat-schmuck","9":"first","10":"instock","11":"shipping-taxable","12":"purchasable","13":"product-type-simple"},"jetpack_sharing_enabled":true,"_links":{"self":[{"href":"https:\/\/minacore.ch\/de\/wp-json\/wp\/v2\/product\/1407","targetHints":{"allow":["GET"]}}],"collection":[{"href":"https:\/\/minacore.ch\/de\/wp-json\/wp\/v2\/product"}],"about":[{"href":"https:\/\/minacore.ch\/de\/wp-json\/wp\/v2\/types\/product"}],"wp:featuredmedia":[{"embeddable":true,"href":"https:\/\/minacore.ch\/de\/wp-json\/wp\/v2\/media\/1399"}],"wp:attachment":[{"href":"https:\/\/minacore.ch\/de\/wp-json\/wp\/v2\/media?parent=1407"}],"wp:term":[{"taxonomy":"product_brand","embeddable":true,"href":"https:\/\/minacore.ch\/de\/wp-json\/wp\/v2\/product_brand?post=1407"},{"taxonomy":"product_cat","embeddable":true,"href":"https:\/\/minacore.ch\/de\/wp-json\/wp\/v2\/product_cat?post=1407"},{"taxonomy":"product_tag","embeddable":true,"href":"https:\/\/minacore.ch\/de\/wp-json\/wp\/v2\/product_tag?post=1407"}],"curies":[{"name":"wp","href":"https:\/\/api.w.org\/{rel}","templated":true}]}}