{"id":1373,"date":"2024-02-29T17:33:42","date_gmt":"2024-02-29T16:33:42","guid":{"rendered":"https:\/\/minacore.ch\/prodotto\/seashore-wavy\/"},"modified":"2024-04-23T16:29:17","modified_gmt":"2024-04-23T14:29:17","slug":"seashore-wavy","status":"publish","type":"product","link":"https:\/\/minacore.ch\/de\/prodotto\/seashore-wavy\/","title":{"rendered":"Seashore Wavy"},"content":{"rendered":"","protected":false},"excerpt":{"rendered":"<p>Die &#8222;Seashore Wavy&#8220; Ohrringe sind eine Ode an die Sch\u00f6nheit des Meeres.<\/p>\n<p>In das Harz eingebettete Silberschuppen sorgen f\u00fcr einen Hauch von Funkeln, als w\u00fcrde sich das Sonnenlicht im Wasser spiegeln. Wenn man diese Ohrringe tr\u00e4gt, ist es, als w\u00fcrde man ein kleines St\u00fcck Meer mit sich f\u00fchren und die Frische und Gelassenheit des Ozeans \u00fcberallhin mitnehmen.<\/p>\n","protected":false},"featured_media":1369,"template":"","meta":{"_seopress_robots_primary_cat":"none","_seopress_titles_title":"Wellenf\u00f6rmige Ohrringe am Meer: Ozeanreflexe von Licht und Gelassenheit","_seopress_titles_desc":"Entdecken Sie die Gelassenheit des Ozeans mit den Seashore Wavy Ohrringen. Die in das Harz eingebetteten Silberschuppen fangen das Schillern der Sonne auf dem Wasser ein und verleihen ihm einen Hauch von Glanz. Sie zu tragen bedeutet, ein St\u00fcck Meer mit sich zu tragen und in die Frische und Ruhe des Ozeans einzutauchen, wohin auch immer Sie gehen.","_seopress_robots_index":""},"product_brand":[],"product_cat":[344,266],"product_tag":[],"class_list":{"0":"post-1373","1":"product","2":"type-product","3":"status-publish","4":"has-post-thumbnail","6":"product_cat-ohrringe","7":"product_cat-schmuck","9":"first","10":"outofstock","11":"shipping-taxable","12":"purchasable","13":"product-type-simple"},"jetpack_sharing_enabled":true,"_links":{"self":[{"href":"https:\/\/minacore.ch\/de\/wp-json\/wp\/v2\/product\/1373","targetHints":{"allow":["GET"]}}],"collection":[{"href":"https:\/\/minacore.ch\/de\/wp-json\/wp\/v2\/product"}],"about":[{"href":"https:\/\/minacore.ch\/de\/wp-json\/wp\/v2\/types\/product"}],"wp:featuredmedia":[{"embeddable":true,"href":"https:\/\/minacore.ch\/de\/wp-json\/wp\/v2\/media\/1369"}],"wp:attachment":[{"href":"https:\/\/minacore.ch\/de\/wp-json\/wp\/v2\/media?parent=1373"}],"wp:term":[{"taxonomy":"product_brand","embeddable":true,"href":"https:\/\/minacore.ch\/de\/wp-json\/wp\/v2\/product_brand?post=1373"},{"taxonomy":"product_cat","embeddable":true,"href":"https:\/\/minacore.ch\/de\/wp-json\/wp\/v2\/product_cat?post=1373"},{"taxonomy":"product_tag","embeddable":true,"href":"https:\/\/minacore.ch\/de\/wp-json\/wp\/v2\/product_tag?post=1373"}],"curies":[{"name":"wp","href":"https:\/\/api.w.org\/{rel}","templated":true}]}}